{"id":1638,"date":"2023-05-17T11:36:44","date_gmt":"2023-05-17T09:36:44","guid":{"rendered":"https:\/\/fda-works.com\/services\/"},"modified":"2026-01-15T11:23:34","modified_gmt":"2026-01-15T10:23:34","slug":"representation-commerciale-internationale","status":"publish","type":"page","link":"https:\/\/fda-works.com\/fr\/representation-commerciale-internationale\/","title":{"rendered":"Services"},"content":{"rendered":"<h1>L&rsquo;agence FDA Works<\/h1>\n<p>\n    <a href=\"\/fr\/representation-commerciale-internationale\/\">Nos Services<\/a>\n<\/p>\n<ul>\n<li>\n<\/li>\n<li>\n<h3>Repr\u00e9sentation commerciale &#038; facilitation op\u00e9rationnelle en Galice<\/h3>\n<p>Repr\u00e9sentation commerciale &#038; facilitation op\u00e9rationnelle en Galice<\/p>\n<p><a href=\"https:\/\/fda-works.com\/fr\/servicio\/representation-commerciale-facilitation-operationnelle-en-galice\/\">Saber m\u00e1s<\/a><\/p>\n<\/li>\n<\/ul>\n<p><!--more--><br \/>\n<!-- {\"type\":\"layout\",\"children\":[{\"name\":\"Hero\",\"type\":\"section\",\"props\":{\"animation\":\"slide-left-medium\",\"height\":\"viewport\",\"height_offset_top\":true,\"image\":\"wp-content\\\/uploads\\\/products-header.jpg\",\"image_fixed\":false,\"image_loading\":true,\"image_position\":\"center-center\",\"image_size\":\"cover\",\"image_width\":\"2560\",\"media_background\":\"#fff\",\"media_overlay\":\"rgba(0,0,0,0)\",\"style\":\"default\",\"text_color\":\"light\",\"title_breakpoint\":\"xl\",\"title_position\":\"top-left\",\"title_rotation\":\"left\",\"vertical_align\":\"middle\",\"width\":\"default\"},\"children\":[{\"type\":\"row\",\"children\":[{\"type\":\"column\",\"props\":{\"image_position\":\"center-center\",\"position_sticky_breakpoint\":\"m\",\"width_medium\":\"1-1\"},\"children\":[{\"type\":\"text\",\"props\":{\"column_breakpoint\":\"m\",\"content\":\"\",\"margin\":\"default\",\"margin_remove_bottom\":true,\"text_color\":\"muted\",\"text_style\":\"meta\"}},{\"type\":\"headline\",\"props\":{\"content\":\"L'agence FDA Works\",\"margin\":\"small\",\"margin_remove_top\":false,\"maxwidth\":\"2xlarge\",\"title_element\":\"h1\",\"title_style\":\"heading-medium\"}},{\"type\":\"text\",\"props\":{\"column_breakpoint\":\"m\",\"content\":\"\",\"margin\":\"default\",\"maxwidth\":\"xlarge\",\"text_style\":\"large\"}},{\"type\":\"button\",\"props\":{\"grid_column_gap\":\"medium\",\"grid_row_gap\":\"medium\",\"margin\":\"large\"},\"children\":[{\"type\":\"button_item\",\"props\":{\"button_style\":\"primary\",\"content\":\"Nos Services\",\"icon\":\"\",\"icon_align\":\"left\",\"link\":\"fr\\\/representation-commerciale-internationale\\\/\"}}]}]}]}]},{\"type\":\"section\",\"props\":{\"id\":\"servicios\",\"image_position\":\"center-center\",\"padding_remove_bottom\":true,\"style\":\"default\",\"title_breakpoint\":\"xl\",\"title_position\":\"top-left\",\"title_rotation\":\"left\",\"vertical_align\":\"\",\"width\":\"large\"},\"children\":[{\"type\":\"row\",\"children\":[{\"type\":\"column\",\"props\":{\"image_position\":\"center-center\",\"position_sticky_breakpoint\":\"m\"},\"children\":[{\"type\":\"grid\",\"props\":{\"animation\":\"none\",\"content_column_breakpoint\":\"m\",\"filter_align\":\"left\",\"filter_all\":true,\"filter_grid_breakpoint\":\"m\",\"filter_grid_width\":\"auto\",\"filter_position\":\"top\",\"filter_style\":\"tab\",\"grid_default\":\"1\",\"grid_medium\":\"3\",\"grid_parallax\":\"0\",\"grid_small\":\"2\",\"icon_width\":80,\"image_align\":\"top\",\"image_grid_breakpoint\":\"m\",\"image_grid_width\":\"1-2\",\"image_svg_animate\":false,\"image_svg_color\":\"primary\",\"image_svg_inline\":true,\"item_animation\":false,\"link_style\":\"text\",\"link_text\":\"Saber m\\u00e1s\",\"margin\":\"\",\"meta_align\":\"below-title\",\"meta_element\":\"div\",\"meta_style\":\"text-meta\",\"panel_link\":true,\"panel_padding\":\"default\",\"panel_style\":\"card-secondary\",\"parallax_breakpoint\":\"m\",\"parallax_easing\":\"1\",\"parallax_y\":\"0,-80\",\"show_content\":true,\"show_image\":true,\"show_link\":true,\"show_meta\":true,\"show_title\":true,\"title_align\":\"top\",\"title_element\":\"h3\",\"title_grid_breakpoint\":\"m\",\"title_grid_width\":\"1-2\",\"title_hover_style\":\"reset\",\"title_style\":\"h2\"},\"children\":[{\"type\":\"grid_item\",\"source\":{\"query\":{\"name\":\"servicios.customServicios\",\"arguments\":{\"users\":[],\"users_operator\":\"IN\",\"offset\":0,\"limit\":10,\"order\":\"date\",\"order_direction\":\"ASC\"}},\"props\":{\"title\":{\"filters\":{\"search\":\"\"},\"name\":\"title\"},\"meta\":{\"filters\":{\"search\":\"\"},\"name\":\"field.meta_etiquetas_de_informacion\"},\"content\":{\"filters\":{\"search\":\"\"},\"name\":\"field.intro\"},\"image\":{\"filters\":{\"search\":\"\"},\"name\":\"field.icono.url\"},\"link\":{\"filters\":{\"search\":\"\"},\"name\":\"link\"}}}},{\"type\":\"grid_item\",\"props\":{\"link\":\"https:\\\/\\\/fda-works.com\\\/fr\\\/servicio\\\/representation-commerciale-facilitation-operationnelle-en-galice\\\/\",\"meta\":\"Repr\\u00e9sentation commerciale & facilitation op\\u00e9rationnelle en Galice\",\"title\":\"Repr\\u00e9sentation commerciale & facilitation op\\u00e9rationnelle en Galice\"}}]}]}]}],\"name\":\"Servicios\"}],\"version\":\"4.4.16\"} --><\/p>\n","protected":false},"excerpt":{"rendered":"<p>L&rsquo;agence FDA Works Nos Services Repr\u00e9sentation commerciale &#038; facilitation op\u00e9rationnelle en Galice Repr\u00e9sentation commerciale &#038; facilitation op\u00e9rationnelle en Galice Saber m\u00e1s<\/p>\n","protected":false},"author":2,"featured_media":0,"parent":0,"menu_order":0,"comment_status":"closed","ping_status":"closed","template":"","meta":{"_acf_changed":false,"footnotes":""},"class_list":["post-1638","page","type-page","status-publish","hentry"],"acf":[],"yoast_head":"<!-- This site is optimized with the Yoast SEO plugin v23.8 - https:\/\/yoast.com\/wordpress\/plugins\/seo\/ -->\n<title>Services - FDA Works - Consultor\u00eda Empresarial - A Coru\u00f1a<\/title>\n<meta name=\"description\" content=\"Nos Services | FDA Works\" \/>\n<meta name=\"robots\" content=\"index, follow, max-snippet:-1, max-image-preview:large, max-video-preview:-1\" \/>\n<link rel=\"canonical\" href=\"https:\/\/fda-works.com\/fr\/representation-commerciale-internationale\/\" \/>\n<meta property=\"og:locale\" content=\"fr_FR\" \/>\n<meta property=\"og:type\" content=\"article\" \/>\n<meta property=\"og:title\" content=\"Services - FDA Works - Consultor\u00eda Empresarial - A Coru\u00f1a\" \/>\n<meta property=\"og:description\" content=\"Nos Services | FDA Works\" \/>\n<meta property=\"og:url\" content=\"https:\/\/fda-works.com\/fr\/representation-commerciale-internationale\/\" \/>\n<meta property=\"og:site_name\" content=\"FDA Works - Consultor\u00eda Empresarial - A Coru\u00f1a\" \/>\n<meta property=\"article:modified_time\" content=\"2026-01-15T10:23:34+00:00\" \/>\n<meta name=\"twitter:card\" content=\"summary_large_image\" \/>\n<meta name=\"twitter:label1\" content=\"Dur\u00e9e de lecture estim\u00e9e\" \/>\n\t<meta name=\"twitter:data1\" content=\"1 minute\" \/>\n<script type=\"application\/ld+json\" class=\"yoast-schema-graph\">{\"@context\":\"https:\/\/schema.org\",\"@graph\":[{\"@type\":\"WebPage\",\"@id\":\"https:\/\/fda-works.com\/fr\/representation-commerciale-internationale\/\",\"url\":\"https:\/\/fda-works.com\/fr\/representation-commerciale-internationale\/\",\"name\":\"Services - FDA Works - Consultor\u00eda Empresarial - A Coru\u00f1a\",\"isPartOf\":{\"@id\":\"https:\/\/fda-works.com\/fr\/#website\"},\"datePublished\":\"2023-05-17T09:36:44+00:00\",\"dateModified\":\"2026-01-15T10:23:34+00:00\",\"description\":\"Nos Services | FDA Works\",\"breadcrumb\":{\"@id\":\"https:\/\/fda-works.com\/fr\/representation-commerciale-internationale\/#breadcrumb\"},\"inLanguage\":\"fr-FR\",\"potentialAction\":[{\"@type\":\"ReadAction\",\"target\":[\"https:\/\/fda-works.com\/fr\/representation-commerciale-internationale\/\"]}]},{\"@type\":\"BreadcrumbList\",\"@id\":\"https:\/\/fda-works.com\/fr\/representation-commerciale-internationale\/#breadcrumb\",\"itemListElement\":[{\"@type\":\"ListItem\",\"position\":1,\"name\":\"Portada\",\"item\":\"https:\/\/fda-works.com\/fr\/\"},{\"@type\":\"ListItem\",\"position\":2,\"name\":\"Services\"}]},{\"@type\":\"WebSite\",\"@id\":\"https:\/\/fda-works.com\/fr\/#website\",\"url\":\"https:\/\/fda-works.com\/fr\/\",\"name\":\"FDA Works - Consultor\u00eda Empresarial - A Coru\u00f1a\",\"description\":\"Coworking &amp; Consultor\u00eda Empresarial - A Coru\u00f1a\",\"publisher\":{\"@id\":\"https:\/\/fda-works.com\/fr\/#organization\"},\"potentialAction\":[{\"@type\":\"SearchAction\",\"target\":{\"@type\":\"EntryPoint\",\"urlTemplate\":\"https:\/\/fda-works.com\/fr\/?s={search_term_string}\"},\"query-input\":{\"@type\":\"PropertyValueSpecification\",\"valueRequired\":true,\"valueName\":\"search_term_string\"}}],\"inLanguage\":\"fr-FR\"},{\"@type\":\"Organization\",\"@id\":\"https:\/\/fda-works.com\/fr\/#organization\",\"name\":\"FDA Works - Consultor\u00eda Empresarial - A Coru\u00f1a\",\"url\":\"https:\/\/fda-works.com\/fr\/\",\"logo\":{\"@type\":\"ImageObject\",\"inLanguage\":\"fr-FR\",\"@id\":\"https:\/\/fda-works.com\/fr\/#\/schema\/logo\/image\/\",\"url\":\"https:\/\/fda-works.com\/wp-content\/uploads\/2023\/05\/fda_logo_2023.png\",\"contentUrl\":\"https:\/\/fda-works.com\/wp-content\/uploads\/2023\/05\/fda_logo_2023.png\",\"width\":558,\"height\":106,\"caption\":\"FDA Works - Consultor\u00eda Empresarial - A Coru\u00f1a\"},\"image\":{\"@id\":\"https:\/\/fda-works.com\/fr\/#\/schema\/logo\/image\/\"}}]}<\/script>\n<!-- \/ Yoast SEO plugin. -->","yoast_head_json":{"title":"Services - FDA Works - Consultor\u00eda Empresarial - A Coru\u00f1a","description":"Nos Services | FDA Works","robots":{"index":"index","follow":"follow","max-snippet":"max-snippet:-1","max-image-preview":"max-image-preview:large","max-video-preview":"max-video-preview:-1"},"canonical":"https:\/\/fda-works.com\/fr\/representation-commerciale-internationale\/","og_locale":"fr_FR","og_type":"article","og_title":"Services - FDA Works - Consultor\u00eda Empresarial - A Coru\u00f1a","og_description":"Nos Services | FDA Works","og_url":"https:\/\/fda-works.com\/fr\/representation-commerciale-internationale\/","og_site_name":"FDA Works - Consultor\u00eda Empresarial - A Coru\u00f1a","article_modified_time":"2026-01-15T10:23:34+00:00","twitter_card":"summary_large_image","twitter_misc":{"Dur\u00e9e de lecture estim\u00e9e":"1 minute"},"schema":{"@context":"https:\/\/schema.org","@graph":[{"@type":"WebPage","@id":"https:\/\/fda-works.com\/fr\/representation-commerciale-internationale\/","url":"https:\/\/fda-works.com\/fr\/representation-commerciale-internationale\/","name":"Services - FDA Works - Consultor\u00eda Empresarial - A Coru\u00f1a","isPartOf":{"@id":"https:\/\/fda-works.com\/fr\/#website"},"datePublished":"2023-05-17T09:36:44+00:00","dateModified":"2026-01-15T10:23:34+00:00","description":"Nos Services | FDA Works","breadcrumb":{"@id":"https:\/\/fda-works.com\/fr\/representation-commerciale-internationale\/#breadcrumb"},"inLanguage":"fr-FR","potentialAction":[{"@type":"ReadAction","target":["https:\/\/fda-works.com\/fr\/representation-commerciale-internationale\/"]}]},{"@type":"BreadcrumbList","@id":"https:\/\/fda-works.com\/fr\/representation-commerciale-internationale\/#breadcrumb","itemListElement":[{"@type":"ListItem","position":1,"name":"Portada","item":"https:\/\/fda-works.com\/fr\/"},{"@type":"ListItem","position":2,"name":"Services"}]},{"@type":"WebSite","@id":"https:\/\/fda-works.com\/fr\/#website","url":"https:\/\/fda-works.com\/fr\/","name":"FDA Works - Consultor\u00eda Empresarial - A Coru\u00f1a","description":"Coworking &amp; Consultor\u00eda Empresarial - A Coru\u00f1a","publisher":{"@id":"https:\/\/fda-works.com\/fr\/#organization"},"potentialAction":[{"@type":"SearchAction","target":{"@type":"EntryPoint","urlTemplate":"https:\/\/fda-works.com\/fr\/?s={search_term_string}"},"query-input":{"@type":"PropertyValueSpecification","valueRequired":true,"valueName":"search_term_string"}}],"inLanguage":"fr-FR"},{"@type":"Organization","@id":"https:\/\/fda-works.com\/fr\/#organization","name":"FDA Works - Consultor\u00eda Empresarial - A Coru\u00f1a","url":"https:\/\/fda-works.com\/fr\/","logo":{"@type":"ImageObject","inLanguage":"fr-FR","@id":"https:\/\/fda-works.com\/fr\/#\/schema\/logo\/image\/","url":"https:\/\/fda-works.com\/wp-content\/uploads\/2023\/05\/fda_logo_2023.png","contentUrl":"https:\/\/fda-works.com\/wp-content\/uploads\/2023\/05\/fda_logo_2023.png","width":558,"height":106,"caption":"FDA Works - Consultor\u00eda Empresarial - A Coru\u00f1a"},"image":{"@id":"https:\/\/fda-works.com\/fr\/#\/schema\/logo\/image\/"}}]}},"_links":{"self":[{"href":"https:\/\/fda-works.com\/fr\/wp-json\/wp\/v2\/pages\/1638","targetHints":{"allow":["GET"]}}],"collection":[{"href":"https:\/\/fda-works.com\/fr\/wp-json\/wp\/v2\/pages"}],"about":[{"href":"https:\/\/fda-works.com\/fr\/wp-json\/wp\/v2\/types\/page"}],"author":[{"embeddable":true,"href":"https:\/\/fda-works.com\/fr\/wp-json\/wp\/v2\/users\/2"}],"replies":[{"embeddable":true,"href":"https:\/\/fda-works.com\/fr\/wp-json\/wp\/v2\/comments?post=1638"}],"version-history":[{"count":4,"href":"https:\/\/fda-works.com\/fr\/wp-json\/wp\/v2\/pages\/1638\/revisions"}],"predecessor-version":[{"id":2029,"href":"https:\/\/fda-works.com\/fr\/wp-json\/wp\/v2\/pages\/1638\/revisions\/2029"}],"wp:attachment":[{"href":"https:\/\/fda-works.com\/fr\/wp-json\/wp\/v2\/media?parent=1638"}],"curies":[{"name":"wp","href":"https:\/\/api.w.org\/{rel}","templated":true}]}}