{"id":1641,"date":"2023-05-17T11:46:15","date_gmt":"2023-05-17T09:46:15","guid":{"rendered":"https:\/\/fda-works.com\/contact\/"},"modified":"2026-01-10T11:56:15","modified_gmt":"2026-01-10T10:56:15","slug":"contact","status":"publish","type":"page","link":"https:\/\/fda-works.com\/fr\/contact\/","title":{"rendered":"Contact"},"content":{"rendered":"<h1>Contactez nous<\/h1>\n<p>\n    <a href=\"mailto:info@fda-works.com\">info@fda-works.com<\/a>\n<\/p>\n<p>\n    <a href=\"https:\/\/api.whatsapp.com\/send\/?phone=34623034274&amp;text&amp;type=phone_number&amp;app_absent=0\">Canal Whatsapp<\/a>\n<\/p>\n<h2>Paris &#8211; La Corogne<\/h2>\n<p><img decoding=\"async\" src=\"\/wp-content\/uploads\/services_map.png\" alt=\"\"><\/p>\n<ul>\n<li>\n<h3>Espagne<\/h3>\n<div>\n<p>15002 &#8211; La Corogne<br \/>info@fda-works.com<\/p>\n<\/div>\n<\/li>\n<li>\n<h3>France<\/h3>\n<div>\n<p>75004 &#8211; Paris<br \/>info@fda-works.com<\/p>\n<\/div>\n<\/li>\n<\/ul>\n<p><!--more--><br \/>\n<!-- {\"type\":\"layout\",\"children\":[{\"name\":\"Contacto\",\"type\":\"section\",\"props\":{\"header_transparent_noplaceholder\":false,\"height\":\"viewport\",\"height_offset_top\":true,\"height_viewport\":80,\"image_position\":\"center-center\",\"media_background\":\"#111111\",\"media_overlay\":\"rgba(0, 0, 0, 0.7)\",\"style\":\"secondary\",\"title_breakpoint\":\"xl\",\"title_position\":\"top-left\",\"title_rotation\":\"left\",\"vertical_align\":\"middle\",\"video\":\"wp-content\\\/uploads\\\/lets-talk-contact-bg.mp4\",\"video_height\":\"1440\",\"video_width\":\"2560\",\"width\":\"small\"},\"children\":[{\"type\":\"row\",\"children\":[{\"type\":\"column\",\"props\":{\"image_position\":\"center-center\",\"position_sticky_breakpoint\":\"m\",\"width_medium\":\"1-1\"},\"children\":[{\"type\":\"headline\",\"props\":{\"animation\":\"parallax\",\"content\":\"Contacta con nosotros\",\"margin\":\"large\",\"parallax_easing\":\"1\",\"parallax_end\":\"10vh + 10%\",\"parallax_opacity\":\"1,0\",\"text_align\":\"center\",\"title_color\":\"primary\",\"title_element\":\"h1\",\"title_style\":\"heading-medium\"}}]}]},{\"type\":\"row\",\"props\":{\"column_gap\":\"large\",\"divider\":true,\"layout\":\"1-3,1-3,1-3\",\"row_gap\":\"large\"},\"children\":[{\"type\":\"column\",\"props\":{\"image_position\":\"center-center\",\"position_sticky_breakpoint\":\"m\",\"width_medium\":\"1-3\"}},{\"type\":\"column\",\"props\":{\"image_position\":\"center-center\",\"position_sticky_breakpoint\":\"m\",\"width_medium\":\"1-3\"},\"children\":[{\"type\":\"button\",\"props\":{\"button_size\":\"large\",\"grid_column_gap\":\"small\",\"grid_row_gap\":\"small\",\"margin\":\"default\",\"text_align\":\"center\",\"text_align_breakpoint\":\"m\",\"text_align_fallback\":\"center\"},\"children\":[{\"type\":\"button_item\",\"props\":{\"button_style\":\"text\",\"content\":\"info@fda-works.com\",\"icon\":\"mail\",\"icon_align\":\"left\",\"link\":\"mailto:info@fda-works.com\",\"link_title\":\"info@fda-works.es\"}}]},{\"type\":\"button\",\"props\":{\"button_size\":\"large\",\"grid_column_gap\":\"small\",\"grid_row_gap\":\"small\",\"margin\":\"default\",\"text_align\":\"center\",\"text_align_breakpoint\":\"m\",\"text_align_fallback\":\"center\"},\"children\":[{\"type\":\"button_item\",\"props\":{\"button_style\":\"text\",\"content\":\"Channel Whatsapp\",\"icon\":\"whatsapp\",\"icon_align\":\"left\",\"link\":\"https:\\\/\\\/api.whatsapp.com\\\/send\\\/?phone=34623034274&text&type=phone_number&app_absent=0\",\"link_title\":\"Channel Whatsapp\"}}]}]},{\"type\":\"column\",\"props\":{\"image_position\":\"center-center\",\"position_sticky_breakpoint\":\"m\",\"width_medium\":\"1-3\"}}]}]},{\"name\":\"Mapa\",\"type\":\"section\",\"props\":{\"animation\":\"fade\",\"image_position\":\"center-center\",\"image_size\":\"cover\",\"padding\":\"large\",\"style\":\"muted\",\"title_breakpoint\":\"xl\",\"title_position\":\"top-left\",\"title_rotation\":\"left\",\"vertical_align\":\"\",\"width\":\"default\"},\"children\":[{\"type\":\"row\",\"children\":[{\"type\":\"column\",\"props\":{\"image_position\":\"center-center\",\"position_sticky_breakpoint\":\"m\",\"width_medium\":\"1-1\"},\"children\":[{\"type\":\"headline\",\"props\":{\"content\":\"Paris | A Coru\\u00f1a | Valdeorras\",\"text_align\":\"center\",\"title_element\":\"h2\",\"title_style\":\"h1\"}},{\"type\":\"divider\",\"props\":{\"block_align\":\"center\",\"divider_align\":\"center\",\"divider_element\":\"div\",\"divider_style\":\"small\"}},{\"type\":\"text\",\"props\":{\"block_align\":\"center\",\"column_breakpoint\":\"m\",\"content\":\"\",\"margin\":\"default\",\"maxwidth\":\"xlarge\",\"text_align\":\"center\"}},{\"type\":\"image\",\"props\":{\"image\":\"wp-content\\\/uploads\\\/services_map.png\",\"image_svg_color\":\"emphasis\",\"image_width\":\"1080\",\"margin\":\"large\",\"margin_remove_bottom\":false,\"text_align\":\"center\"}},{\"type\":\"grid\",\"props\":{\"content_column_breakpoint\":\"m\",\"filter_align\":\"left\",\"filter_all\":true,\"filter_grid_breakpoint\":\"m\",\"filter_grid_width\":\"auto\",\"filter_position\":\"top\",\"filter_style\":\"tab\",\"grid_default\":\"1\",\"grid_divider\":true,\"grid_medium\":\"\",\"grid_small\":\"2\",\"icon_ratio\":4,\"icon_width\":80,\"image_align\":\"top\",\"image_grid_breakpoint\":\"m\",\"image_grid_width\":\"1-2\",\"image_svg_color\":\"emphasis\",\"item_animation\":true,\"link_style\":\"default\",\"link_text\":\"Read more\",\"margin\":\"default\",\"meta_align\":\"below-title\",\"meta_element\":\"div\",\"meta_style\":\"text-meta\",\"parallax_easing\":\"1\",\"show_content\":true,\"show_image\":true,\"show_link\":true,\"show_meta\":true,\"show_title\":true,\"text_align\":\"center\",\"title_align\":\"top\",\"title_element\":\"h3\",\"title_grid_breakpoint\":\"m\",\"title_grid_width\":\"1-2\",\"title_hover_style\":\"reset\",\"title_style\":\"h3\"},\"children\":[{\"type\":\"grid_item\",\"props\":{\"content\":\"\n\n<p>15002 - A Coru\\u00f1a<br \\\/>info@fda-works.com<\\\/p>\",\"title\":\"Espa\\u00f1a\"}},{\"type\":\"grid_item\",\"props\":{\"content\":\"\n\n<p>75004 - Paris<br \\\/>info@fda-works.com<\\\/p>\",\"title\":\"Francia\"}}]}]}]}]}],\"version\":\"4.4.10\"} --><\/p>\n","protected":false},"excerpt":{"rendered":"<p>Contactez nous info@fda-works.com Canal Whatsapp Paris &#8211; La Corogne Espagne 15002 &#8211; La Corogneinfo@fda-works.com France 75004 &#8211; Parisinfo@fda-works.com<\/p>\n","protected":false},"author":2,"featured_media":0,"parent":0,"menu_order":0,"comment_status":"closed","ping_status":"closed","template":"","meta":{"_acf_changed":false,"footnotes":""},"class_list":["post-1641","page","type-page","status-publish","hentry"],"acf":[],"yoast_head":"<!-- This site is optimized with the Yoast SEO plugin v23.8 - https:\/\/yoast.com\/wordpress\/plugins\/seo\/ -->\n<title>Contact - FDA WORKS<\/title>\n<meta name=\"robots\" content=\"index, follow, max-snippet:-1, max-image-preview:large, max-video-preview:-1\" \/>\n<link rel=\"canonical\" href=\"https:\/\/fda-works.com\/fr\/contact\/\" \/>\n<meta property=\"og:locale\" content=\"fr_FR\" \/>\n<meta property=\"og:type\" content=\"article\" \/>\n<meta property=\"og:title\" content=\"Contact - FDA WORKS\" \/>\n<meta property=\"og:description\" content=\"Contactez nous info@fda-works.com Canal Whatsapp Paris &#8211; La Corogne Espagne 15002 &#8211; La Corogneinfo@fda-works.com France 75004 &#8211; Parisinfo@fda-works.com\" \/>\n<meta property=\"og:url\" content=\"https:\/\/fda-works.com\/fr\/contact\/\" \/>\n<meta property=\"og:site_name\" content=\"FDA Works - Consultor\u00eda Empresarial - A Coru\u00f1a\" \/>\n<meta property=\"article:modified_time\" content=\"2026-01-10T10:56:15+00:00\" \/>\n<meta name=\"twitter:card\" content=\"summary_large_image\" \/>\n<meta name=\"twitter:label1\" content=\"Dur\u00e9e de lecture estim\u00e9e\" \/>\n\t<meta name=\"twitter:data1\" content=\"1 minute\" \/>\n<script type=\"application\/ld+json\" class=\"yoast-schema-graph\">{\"@context\":\"https:\/\/schema.org\",\"@graph\":[{\"@type\":\"WebPage\",\"@id\":\"https:\/\/fda-works.com\/fr\/contact\/\",\"url\":\"https:\/\/fda-works.com\/fr\/contact\/\",\"name\":\"Contact - FDA WORKS\",\"isPartOf\":{\"@id\":\"https:\/\/fda-works.com\/fr\/#website\"},\"datePublished\":\"2023-05-17T09:46:15+00:00\",\"dateModified\":\"2026-01-10T10:56:15+00:00\",\"breadcrumb\":{\"@id\":\"https:\/\/fda-works.com\/fr\/contact\/#breadcrumb\"},\"inLanguage\":\"fr-FR\",\"potentialAction\":[{\"@type\":\"ReadAction\",\"target\":[\"https:\/\/fda-works.com\/fr\/contact\/\"]}]},{\"@type\":\"BreadcrumbList\",\"@id\":\"https:\/\/fda-works.com\/fr\/contact\/#breadcrumb\",\"itemListElement\":[{\"@type\":\"ListItem\",\"position\":1,\"name\":\"Portada\",\"item\":\"https:\/\/fda-works.com\/fr\/\"},{\"@type\":\"ListItem\",\"position\":2,\"name\":\"Contact\"}]},{\"@type\":\"WebSite\",\"@id\":\"https:\/\/fda-works.com\/fr\/#website\",\"url\":\"https:\/\/fda-works.com\/fr\/\",\"name\":\"FDA Works - Consultor\u00eda Empresarial - A Coru\u00f1a\",\"description\":\"Coworking &amp; Consultor\u00eda Empresarial - A Coru\u00f1a\",\"publisher\":{\"@id\":\"https:\/\/fda-works.com\/fr\/#organization\"},\"potentialAction\":[{\"@type\":\"SearchAction\",\"target\":{\"@type\":\"EntryPoint\",\"urlTemplate\":\"https:\/\/fda-works.com\/fr\/?s={search_term_string}\"},\"query-input\":{\"@type\":\"PropertyValueSpecification\",\"valueRequired\":true,\"valueName\":\"search_term_string\"}}],\"inLanguage\":\"fr-FR\"},{\"@type\":\"Organization\",\"@id\":\"https:\/\/fda-works.com\/fr\/#organization\",\"name\":\"FDA Works - Consultor\u00eda Empresarial - A Coru\u00f1a\",\"url\":\"https:\/\/fda-works.com\/fr\/\",\"logo\":{\"@type\":\"ImageObject\",\"inLanguage\":\"fr-FR\",\"@id\":\"https:\/\/fda-works.com\/fr\/#\/schema\/logo\/image\/\",\"url\":\"https:\/\/fda-works.com\/wp-content\/uploads\/2023\/05\/fda_logo_2023.png\",\"contentUrl\":\"https:\/\/fda-works.com\/wp-content\/uploads\/2023\/05\/fda_logo_2023.png\",\"width\":558,\"height\":106,\"caption\":\"FDA Works - Consultor\u00eda Empresarial - A Coru\u00f1a\"},\"image\":{\"@id\":\"https:\/\/fda-works.com\/fr\/#\/schema\/logo\/image\/\"}}]}<\/script>\n<!-- \/ Yoast SEO plugin. -->","yoast_head_json":{"title":"Contact - FDA WORKS","robots":{"index":"index","follow":"follow","max-snippet":"max-snippet:-1","max-image-preview":"max-image-preview:large","max-video-preview":"max-video-preview:-1"},"canonical":"https:\/\/fda-works.com\/fr\/contact\/","og_locale":"fr_FR","og_type":"article","og_title":"Contact - FDA WORKS","og_description":"Contactez nous info@fda-works.com Canal Whatsapp Paris &#8211; La Corogne Espagne 15002 &#8211; La Corogneinfo@fda-works.com France 75004 &#8211; Parisinfo@fda-works.com","og_url":"https:\/\/fda-works.com\/fr\/contact\/","og_site_name":"FDA Works - Consultor\u00eda Empresarial - A Coru\u00f1a","article_modified_time":"2026-01-10T10:56:15+00:00","twitter_card":"summary_large_image","twitter_misc":{"Dur\u00e9e de lecture estim\u00e9e":"1 minute"},"schema":{"@context":"https:\/\/schema.org","@graph":[{"@type":"WebPage","@id":"https:\/\/fda-works.com\/fr\/contact\/","url":"https:\/\/fda-works.com\/fr\/contact\/","name":"Contact - FDA WORKS","isPartOf":{"@id":"https:\/\/fda-works.com\/fr\/#website"},"datePublished":"2023-05-17T09:46:15+00:00","dateModified":"2026-01-10T10:56:15+00:00","breadcrumb":{"@id":"https:\/\/fda-works.com\/fr\/contact\/#breadcrumb"},"inLanguage":"fr-FR","potentialAction":[{"@type":"ReadAction","target":["https:\/\/fda-works.com\/fr\/contact\/"]}]},{"@type":"BreadcrumbList","@id":"https:\/\/fda-works.com\/fr\/contact\/#breadcrumb","itemListElement":[{"@type":"ListItem","position":1,"name":"Portada","item":"https:\/\/fda-works.com\/fr\/"},{"@type":"ListItem","position":2,"name":"Contact"}]},{"@type":"WebSite","@id":"https:\/\/fda-works.com\/fr\/#website","url":"https:\/\/fda-works.com\/fr\/","name":"FDA Works - Consultor\u00eda Empresarial - A Coru\u00f1a","description":"Coworking &amp; Consultor\u00eda Empresarial - A Coru\u00f1a","publisher":{"@id":"https:\/\/fda-works.com\/fr\/#organization"},"potentialAction":[{"@type":"SearchAction","target":{"@type":"EntryPoint","urlTemplate":"https:\/\/fda-works.com\/fr\/?s={search_term_string}"},"query-input":{"@type":"PropertyValueSpecification","valueRequired":true,"valueName":"search_term_string"}}],"inLanguage":"fr-FR"},{"@type":"Organization","@id":"https:\/\/fda-works.com\/fr\/#organization","name":"FDA Works - Consultor\u00eda Empresarial - A Coru\u00f1a","url":"https:\/\/fda-works.com\/fr\/","logo":{"@type":"ImageObject","inLanguage":"fr-FR","@id":"https:\/\/fda-works.com\/fr\/#\/schema\/logo\/image\/","url":"https:\/\/fda-works.com\/wp-content\/uploads\/2023\/05\/fda_logo_2023.png","contentUrl":"https:\/\/fda-works.com\/wp-content\/uploads\/2023\/05\/fda_logo_2023.png","width":558,"height":106,"caption":"FDA Works - Consultor\u00eda Empresarial - A Coru\u00f1a"},"image":{"@id":"https:\/\/fda-works.com\/fr\/#\/schema\/logo\/image\/"}}]}},"_links":{"self":[{"href":"https:\/\/fda-works.com\/fr\/wp-json\/wp\/v2\/pages\/1641","targetHints":{"allow":["GET"]}}],"collection":[{"href":"https:\/\/fda-works.com\/fr\/wp-json\/wp\/v2\/pages"}],"about":[{"href":"https:\/\/fda-works.com\/fr\/wp-json\/wp\/v2\/types\/page"}],"author":[{"embeddable":true,"href":"https:\/\/fda-works.com\/fr\/wp-json\/wp\/v2\/users\/2"}],"replies":[{"embeddable":true,"href":"https:\/\/fda-works.com\/fr\/wp-json\/wp\/v2\/comments?post=1641"}],"version-history":[{"count":6,"href":"https:\/\/fda-works.com\/fr\/wp-json\/wp\/v2\/pages\/1641\/revisions"}],"predecessor-version":[{"id":2002,"href":"https:\/\/fda-works.com\/fr\/wp-json\/wp\/v2\/pages\/1641\/revisions\/2002"}],"wp:attachment":[{"href":"https:\/\/fda-works.com\/fr\/wp-json\/wp\/v2\/media?parent=1641"}],"curies":[{"name":"wp","href":"https:\/\/api.w.org\/{rel}","templated":true}]}}