{"id":1647,"date":"2019-06-20T16:29:20","date_gmt":"2019-06-20T14:29:20","guid":{"rendered":"https:\/\/fda-works.com\/accueil\/"},"modified":"2024-06-13T12:00:05","modified_gmt":"2024-06-13T10:00:05","slug":"elaboration-de-memoire-technique-experts-en-appels-doffres-2","status":"publish","type":"page","link":"https:\/\/fda-works.com\/fr\/","title":{"rendered":"Accueil"},"content":{"rendered":"<div>\n<p>        <img decoding=\"async\" src=\"\/wp-content\/uploads\/product-category-laptops-teaser-left.jpg\" alt=\"\"><\/p>\n<h2>L&rsquo;agence  FDA Works<\/h2>\n<p>FDA Works<\/p>\n<div>\n<p>Nous analyserons votre secteur, vos comp\u00e9tences et d\u00e9finissons la meilleure strat\u00e9gie pour d\u00e9velopper votre entreprise.\u00a0<\/p>\n<\/div>\n<p><a href=\"#clientes\">Lire<\/a><\/p>\n<\/div>\n<div>\n<p>        <img decoding=\"async\" src=\"\/wp-content\/uploads\/product-category-laptops-teaser-top.jpg\" alt=\"\"><\/p>\n<h2>Marketing Agency<\/h2>\n<p>FDA Works<\/p>\n<div>Analizamos tu sector, tu competencia y definimos la mejor forma de llegar a tu p\u00fablico objetivo en Internet.<\/div>\n<p><a href=\"#clientes\">Saber m\u00e1s<\/a><\/p>\n<\/div>\n<div>\n<h2>Dise\u00f1amos contigo el plan Marketing, Consultor\u00eda y Gesti\u00f3n de tu negocio.<\/h2>\n<p>#marketingdigital #consulting #buyer #sustainability<\/p>\n<div>\n<p><strong>Ayudamos a las empresas a crecer y prosperar a trav\u00e9s de servicios de marketing, consultor\u00eda y gesti\u00f3n.<\/strong><\/p>\n<\/div>\n<p><a href=\"\/servicios\/\">Nuestros servicios<\/a><\/p>\n<\/div>\n<div>\n<\/div>\n<div>\n<p>L&rsquo;agence FDA Works<\/p>\n<\/div>\n<h2><strong>Strategie d&rsquo;entreprise et optimisation des ressources<\/strong>.<\/h2>\n<div>\n<p>Nous proposerons une solution sur mesure qui refl\u00e8te votre identit\u00e9 d&rsquo;entreprise et s&rsquo;adapte \u00e0 votre structure actuelle. Dans une premi\u00e8re phase, nous nous concentrerons sur la r\u00e9duction des t\u00e2ches internes pour optimiser vos ressources.<\/p>\n<p>Une fois cet objectif atteint, nous vous proposerons des services d&rsquo;am\u00e9lioration et\/ou d&rsquo;externalisation afin que vous puissiez vous concentrer sur votre activit\u00e9 principale.<\/p>\n<\/div>\n<ul>\n<li>\n<h3>Nivel nativo<\/h3>\n<p>100%<\/p>\n<div>Nivel nativo de todos los contactos de CS y posibilidad de definici\u00f3n de perfil seg\u00fan sector de actividad retail, moda, deporte, restauraci\u00f3n&#8230;<\/div>\n<\/li>\n<li>\n<h3>Auditor\u00edas de calidad<\/h3>\n<p>100%<\/p>\n<div>\n<p>Le ofreceremos un plan de auditor\u00eda t\u00e1ctica para sus departamentos y servicios, con el fin de poder controlar la comunicaci\u00f3n con sus clientes. Una vez finalizado el plan de auditor\u00eda, desarrollaremos una estrategia para mejorar y consolidar su imagen de marca.<\/p>\n<\/div>\n<\/li>\n<li>\n<h3>Respuestas de clientes<\/h3>\n<p>100%<\/p>\n<div>\n<p>Durante los \u00faltimos 7 a\u00f1os, hemos supervisado respuestas de clientes (RRSS, EMAIL, TEL, CHAT, WHATSAPP, BOTS)<\/p>\n<\/div>\n<\/li>\n<\/ul>\n<h2>FDA Works<\/h2>\n<div>\n<p>Idiomas: <br \/>FR &#8211; EN &#8211; ES &#8211; DE<\/p>\n<\/div>\n<p>\n    <a href=\"\/contacto\/\">Contact<\/a>\n<\/p>\n<p><img decoding=\"async\" src=\"\/wp-content\/uploads\/services_map.png\" alt=\"\"><\/p>\n<ul>\n<li>\n<h3>Espa\u00f1a<\/h3>\n<div>\n<p>15002 &#8211; A Coru\u00f1a<br \/>info@fda-works.es<\/p>\n<\/div>\n<\/li>\n<li>\n<h3>Francia<\/h3>\n<div>\n<p>75004 &#8211; Paris<br \/>info@fda-works.es<\/p>\n<\/div>\n<\/li>\n<\/ul>\n<p><!--more--><br \/>\n<!-- {\"name\":\"Home\",\"type\":\"layout\",\"children\":[{\"type\":\"section\",\"props\":{\"image_position\":\"center-center\",\"padding\":\"none\",\"padding_remove_top\":false,\"style\":\"default\",\"title_breakpoint\":\"xl\",\"title_position\":\"top-left\",\"title_rotation\":\"left\",\"vertical_align\":\"\",\"width\":\"\"},\"children\":[{\"type\":\"row\",\"props\":{\"margin\":\"remove-vertical\",\"margin_remove_bottom\":false,\"padding_remove_horizontal\":true},\"children\":[{\"type\":\"column\",\"props\":{\"image_position\":\"center-center\",\"position_sticky_breakpoint\":\"m\",\"width_medium\":\"1-1\"},\"children\":[{\"type\":\"overlay\",\"props\":{\"content\":\"\n\n<p>Nous analyserons votre secteur, vos comp\\u00e9tences et d\\u00e9finissons la meilleure strat\\u00e9gie pour d\\u00e9velopper votre entreprise.\\u00a0<\\\/p>\",\"content_style\":\"text-large\",\"css\":\"@media (max-width: 1200px) {\\n\\t.el-element > * > .uk-position-center-right { \\t\\twidth: 50%;\\n\\t}\\n}\",\"image\":\"wp-content\\\/uploads\\\/product-category-laptops-teaser-left.jpg\",\"image_loading\":true,\"image_min_height\":\"700\",\"image_width\":\"100%\",\"link\":\"#clientes\",\"link_margin\":\"medium\",\"link_style\":\"primary\",\"link_text\":\"Lire\",\"margin\":\"small\",\"meta\":\"FDA Works\",\"meta_align\":\"above-title\",\"meta_element\":\"div\",\"meta_style\":\"text-meta\",\"overlay_hover\":false,\"overlay_maxwidth\":\"2xlarge\",\"overlay_mode\":\"cover\",\"overlay_padding\":\"none\",\"overlay_position\":\"center-right\",\"overlay_style\":\"\",\"overlay_transition\":\"fade\",\"text_align\":\"left\",\"text_color\":\"light\",\"title\":\"L'agence  FDA Works\",\"title_element\":\"h2\",\"title_hover_style\":\"reset\",\"title_style\":\"heading-medium\",\"visibility\":\"s\"}},{\"type\":\"overlay\",\"props\":{\"content\":\"Analizamos tu sector, tu competencia y definimos la mejor forma de llegar a tu p\\u00fablico objetivo en Internet.\",\"image\":\"wp-content\\\/uploads\\\/product-category-laptops-teaser-top.jpg\",\"image_loading\":true,\"image_min_height\":\"700\",\"image_width\":\"900\",\"link\":\"#clientes\",\"link_margin\":\"medium\",\"link_style\":\"primary\",\"link_text\":\"Saber m\\u00e1s\",\"margin\":\"small\",\"margin_remove_top\":true,\"meta\":\"FDA Works\",\"meta_align\":\"above-title\",\"meta_element\":\"div\",\"meta_style\":\"text-meta\",\"overlay_hover\":false,\"overlay_margin\":\"large\",\"overlay_maxwidth\":\"large\",\"overlay_mode\":\"caption\",\"overlay_padding\":\"large\",\"overlay_position\":\"bottom-center\",\"overlay_style\":\"\",\"overlay_transition\":\"fade\",\"text_align\":\"center\",\"text_color\":\"light\",\"title\":\"Marketing Agency\",\"title_element\":\"h2\",\"title_hover_style\":\"reset\",\"title_style\":\"h1\",\"visibility\":\"hidden-s\"}}]}]}],\"name\":\"Hero\"},{\"name\":\"Services\",\"type\":\"section\",\"props\":{\"animation\":\"slide-left-medium\",\"image_position\":\"center-center\",\"image_size\":\"cover\",\"padding\":\"large\",\"style\":\"muted\",\"title_breakpoint\":\"xl\",\"title_position\":\"top-left\",\"title_rotation\":\"left\",\"vertical_align\":\"\",\"width\":\"default\"},\"children\":[{\"type\":\"row\",\"props\":{\"column_gap\":\"large\",\"layout\":\"large,expand\",\"row_gap\":\"large\",\"vertical_align\":true},\"children\":[{\"type\":\"column\",\"props\":{\"image_position\":\"center-center\",\"position_sticky\":\"column\",\"position_sticky_breakpoint\":\"m\",\"width_large\":\"xlarge\",\"width_medium\":\"large\"},\"children\":[{\"type\":\"panel\",\"props\":{\"content\":\"\n\n<p><strong>Ayudamos a las empresas a crecer y prosperar a trav\\u00e9s de servicios de marketing, consultor\\u00eda y gesti\\u00f3n.<\\\/strong><\\\/p>\",\"content_column_breakpoint\":\"m\",\"icon_width\":80,\"image_align\":\"top\",\"image_grid_breakpoint\":\"m\",\"image_grid_width\":\"1-2\",\"image_svg_color\":\"emphasis\",\"link\":\"servicios\\\/\",\"link_margin\":\"large\",\"link_style\":\"primary\",\"link_target\":false,\"link_text\":\"Nuestros servicios\",\"margin\":\"default\",\"meta\":\"#marketingdigital #consulting #buyer #sustainability\",\"meta_align\":\"above-title\",\"meta_color\":\"primary\",\"meta_element\":\"div\",\"meta_style\":\"h6\",\"panel_padding\":\"large\",\"panel_style\":\"card-secondary\",\"text_align\":\"left\",\"title\":\"Dise\\u00f1amos contigo el plan Marketing, Consultor\\u00eda y Gesti\\u00f3n de tu negocio.\",\"title_align\":\"top\",\"title_element\":\"h2\",\"title_grid_breakpoint\":\"m\",\"title_grid_width\":\"1-2\",\"title_hover_style\":\"reset\",\"title_style\":\"h2\"}}]},{\"type\":\"column\",\"props\":{\"image_position\":\"center-center\",\"position_sticky_breakpoint\":\"m\",\"vertical_align\":\"middle\",\"width_medium\":\"expand\"},\"children\":[{\"type\":\"grid\",\"props\":{\"content_column_breakpoint\":\"m\",\"filter_align\":\"left\",\"filter_all\":true,\"filter_grid_breakpoint\":\"m\",\"filter_grid_width\":\"auto\",\"filter_position\":\"top\",\"filter_style\":\"tab\",\"grid_column_gap\":\"large\",\"grid_default\":\"1\",\"grid_medium\":\"\",\"grid_small\":\"2\",\"icon_ratio\":4,\"icon_width\":\"80\",\"image_align\":\"top\",\"image_grid_breakpoint\":\"m\",\"image_grid_width\":\"1-2\",\"image_svg_animate\":true,\"image_svg_color\":\"muted\",\"image_svg_inline\":true,\"image_width\":\"40\",\"item_animation\":true,\"link_style\":\"default\",\"link_text\":\"Read more\",\"margin\":\"medium\",\"meta_align\":\"below-title\",\"meta_element\":\"div\",\"meta_style\":\"text-meta\",\"panel_link\":true,\"parallax_easing\":\"1\",\"show_content\":true,\"show_image\":true,\"show_link\":true,\"show_meta\":true,\"show_title\":true,\"text_align\":\"left\",\"title_align\":\"top\",\"title_element\":\"h3\",\"title_grid_breakpoint\":\"m\",\"title_grid_width\":\"1-2\",\"title_hover_style\":\"reset\",\"title_style\":\"h4\"},\"children\":[{\"type\":\"grid_item\",\"source\":{\"query\":{\"name\":\"servicios.customServicios\",\"arguments\":{\"users\":[],\"users_operator\":\"IN\",\"offset\":0,\"limit\":100,\"order\":\"date\",\"order_direction\":\"ASC\"}},\"props\":{\"title\":{\"filters\":{\"search\":\"\"},\"name\":\"title\"},\"content\":{\"filters\":{\"search\":\"\"},\"name\":\"field.intro\"},\"image\":{\"filters\":{\"search\":\"\"},\"name\":\"field.icono.url\"},\"link\":{\"filters\":{\"search\":\"\"},\"name\":\"link\"},\"meta\":{\"filters\":{\"search\":\"\"},\"name\":\"field.meta_etiquetas_de_informacion\"}}},\"props\":{\"link_text\":\" \"}}]}]}]}]},{\"name\":\"About us\",\"type\":\"section\",\"props\":{\"animation\":\"slide-right-medium\",\"height\":\"viewport\",\"image\":\"wp-content\\\/uploads\\\/2023\\\/05\\\/customer-service.png\",\"image_position\":\"bottom-left\",\"image_width\":\"680\",\"media_overlay\":\"rgba(0,0,0,0)\",\"media_visibility\":\"m\",\"style\":\"default\",\"title_breakpoint\":\"xl\",\"title_position\":\"top-left\",\"title_rotation\":\"left\",\"vertical_align\":\"middle\",\"width\":\"default\"},\"children\":[{\"type\":\"row\",\"props\":{\"column_gap\":\"large\",\"layout\":\"1-3,2-3\",\"row_gap\":\"large\"},\"children\":[{\"type\":\"column\",\"props\":{\"image_position\":\"center-center\",\"position_sticky_breakpoint\":\"m\",\"width_medium\":\"1-3\"}},{\"type\":\"column\",\"props\":{\"image_position\":\"center-center\",\"position_sticky_breakpoint\":\"m\",\"vertical_align\":\"middle\",\"width_medium\":\"2-3\"},\"children\":[{\"type\":\"text\",\"props\":{\"column_breakpoint\":\"m\",\"content\":\"\n\n<p>L'agence FDA Works<\\\/p>\",\"margin\":\"default\",\"text_align\":\"center\",\"text_color\":\"primary\",\"text_style\":\"meta\"}},{\"type\":\"headline\",\"props\":{\"block_align\":\"center\",\"content\":\"<strong>Strategie d'entreprise et optimisation des ressources<\\\/strong>.\",\"margin\":\"medium\",\"margin_remove_top\":true,\"maxwidth\":\"xlarge\",\"text_align\":\"center\",\"title_element\":\"h2\",\"title_style\":\"heading-small\"}},{\"type\":\"text\",\"props\":{\"block_align\":\"center\",\"column_breakpoint\":\"m\",\"content\":\"\n\n<p>Nous proposerons une solution sur mesure qui refl\\u00e8te votre identit\\u00e9 d'entreprise et s'adapte \\u00e0 votre structure actuelle. Dans une premi\\u00e8re phase, nous nous concentrerons sur la r\\u00e9duction des t\\u00e2ches internes pour optimiser vos ressources.<\\\/p>\\n\n\n<p>Une fois cet objectif atteint, nous vous proposerons des services d'am\\u00e9lioration et\\\/ou d'externalisation afin que vous puissiez vous concentrer sur votre activit\\u00e9 principale.<\\\/p>\",\"margin\":\"default\",\"maxwidth\":\"xlarge\",\"text_align\":\"center\",\"text_style\":\"large\"}},{\"type\":\"grid\",\"props\":{\"content_column_breakpoint\":\"m\",\"content_style\":\"text-small\",\"filter_align\":\"left\",\"filter_all\":true,\"filter_grid_breakpoint\":\"m\",\"filter_grid_width\":\"auto\",\"filter_position\":\"top\",\"filter_style\":\"tab\",\"grid_column_gap\":\"small\",\"grid_default\":\"1\",\"grid_divider\":true,\"grid_medium\":\"\",\"grid_small\":\"3\",\"icon_ratio\":4,\"icon_width\":80,\"image_align\":\"top\",\"image_grid_breakpoint\":\"m\",\"image_grid_width\":\"1-2\",\"image_svg_color\":\"emphasis\",\"item_animation\":true,\"link_style\":\"default\",\"link_text\":\"Read more\",\"margin\":\"large\",\"meta_align\":\"above-title\",\"meta_element\":\"div\",\"meta_style\":\"h1\",\"parallax_easing\":\"1\",\"show_content\":true,\"show_image\":true,\"show_link\":true,\"show_meta\":true,\"show_title\":true,\"text_align\":\"center\",\"title_align\":\"top\",\"title_color\":\"primary\",\"title_element\":\"h3\",\"title_grid_breakpoint\":\"m\",\"title_grid_width\":\"1-2\",\"title_hover_style\":\"reset\",\"title_margin\":\"small\",\"title_style\":\"h6\"},\"children\":[{\"type\":\"grid_item\",\"props\":{\"content\":\"Nivel nativo de todos los contactos de CS y posibilidad de definici\\u00f3n de perfil seg\\u00fan sector de actividad retail, moda, deporte, restauraci\\u00f3n...\",\"meta\":\"100%\",\"title\":\"Nivel nativo\"}},{\"type\":\"grid_item\",\"props\":{\"content\":\"\n\n<p>Le ofreceremos un plan de auditor\\u00eda t\\u00e1ctica para sus departamentos y servicios, con el fin de poder controlar la comunicaci\\u00f3n con sus clientes. Una vez finalizado el plan de auditor\\u00eda, desarrollaremos una estrategia para mejorar y consolidar su imagen de marca.<\\\/p>\",\"meta\":\"100%\",\"title\":\"Auditor\\u00edas de calidad\"}},{\"type\":\"grid_item\",\"props\":{\"content\":\"\n\n<p>Durante los \\u00faltimos 7 a\\u00f1os, hemos supervisado respuestas de clientes (RRSS, EMAIL, TEL, CHAT, WHATSAPP, BOTS)<\\\/p>\",\"meta\":\"100%\",\"title\":\"Respuestas de clientes\"}}]}]}]}]},{\"name\":\"Mapa\",\"type\":\"section\",\"props\":{\"animation\":\"fade\",\"image_position\":\"center-center\",\"image_size\":\"cover\",\"padding\":\"large\",\"style\":\"muted\",\"title_breakpoint\":\"xl\",\"title_position\":\"top-left\",\"title_rotation\":\"left\",\"vertical_align\":\"\",\"width\":\"default\"},\"children\":[{\"type\":\"row\",\"children\":[{\"type\":\"column\",\"props\":{\"image_position\":\"center-center\",\"position_sticky_breakpoint\":\"m\",\"width_medium\":\"1-1\"},\"children\":[{\"type\":\"headline\",\"props\":{\"content\":\"FDA Works\",\"text_align\":\"center\",\"title_element\":\"h2\",\"title_style\":\"h1\"}},{\"type\":\"divider\",\"props\":{\"block_align\":\"center\",\"divider_align\":\"center\",\"divider_element\":\"div\",\"divider_style\":\"small\"}},{\"type\":\"text\",\"props\":{\"block_align\":\"center\",\"column_breakpoint\":\"m\",\"content\":\"\n\n<p>Idiomas: <br \\\/>FR - EN - ES - DE<\\\/p>\",\"margin\":\"default\",\"maxwidth\":\"xlarge\",\"text_align\":\"center\"}},{\"type\":\"button\",\"props\":{\"grid_column_gap\":\"small\",\"grid_row_gap\":\"small\",\"margin\":\"medium\",\"text_align\":\"center\"},\"children\":[{\"type\":\"button_item\",\"props\":{\"button_style\":\"default\",\"content\":\"Contact\",\"icon_align\":\"left\",\"link\":\"contacto\\\/\"}}]},{\"type\":\"image\",\"props\":{\"image\":\"wp-content\\\/uploads\\\/services_map.png\",\"image_svg_color\":\"emphasis\",\"image_width\":\"1080\",\"margin\":\"large\",\"margin_remove_bottom\":false,\"text_align\":\"center\"}},{\"type\":\"grid\",\"props\":{\"content_column_breakpoint\":\"m\",\"filter_align\":\"left\",\"filter_all\":true,\"filter_grid_breakpoint\":\"m\",\"filter_grid_width\":\"auto\",\"filter_position\":\"top\",\"filter_style\":\"tab\",\"grid_default\":\"1\",\"grid_divider\":true,\"grid_medium\":\"\",\"grid_small\":\"2\",\"icon_ratio\":4,\"icon_width\":80,\"image_align\":\"top\",\"image_grid_breakpoint\":\"m\",\"image_grid_width\":\"1-2\",\"image_svg_color\":\"emphasis\",\"item_animation\":true,\"link_style\":\"default\",\"link_text\":\"Read more\",\"margin\":\"default\",\"meta_align\":\"below-title\",\"meta_element\":\"div\",\"meta_style\":\"text-meta\",\"parallax_easing\":\"1\",\"show_content\":true,\"show_image\":true,\"show_link\":true,\"show_meta\":true,\"show_title\":true,\"text_align\":\"center\",\"title_align\":\"top\",\"title_element\":\"h3\",\"title_grid_breakpoint\":\"m\",\"title_grid_width\":\"1-2\",\"title_hover_style\":\"reset\",\"title_style\":\"h3\"},\"children\":[{\"type\":\"grid_item\",\"props\":{\"content\":\"\n\n<p>15002 - A Coru\\u00f1a<br \\\/>info@fda-works.es<\\\/p>\",\"title\":\"Espa\\u00f1a\"}},{\"type\":\"grid_item\",\"props\":{\"content\":\"\n\n<p>75004 - Paris<br \\\/>info@fda-works.es<\\\/p>\",\"title\":\"Francia\"}}],\"name\":\"Contactos\"}]}]}]}],\"version\":\"4.4.4\"} --><\/p>\n","protected":false},"excerpt":{"rendered":"<p>L&rsquo;agence FDA Works FDA Works Nous analyserons votre secteur, vos comp\u00e9tences et d\u00e9finissons la meilleure strat\u00e9gie pour d\u00e9velopper votre entreprise.\u00a0 Lire Marketing Agency FDA Works Analizamos tu sector, tu competencia y definimos la mejor forma de llegar a tu p\u00fablico objetivo en Internet. Saber m\u00e1s Dise\u00f1amos contigo el plan Marketing, Consultor\u00eda y Gesti\u00f3n de tu [&hellip;]<\/p>\n","protected":false},"author":2,"featured_media":0,"parent":0,"menu_order":3,"comment_status":"open","ping_status":"closed","template":"","meta":{"_acf_changed":false,"footnotes":""},"class_list":["post-1647","page","type-page","status-publish","hentry"],"acf":[],"yoast_head":"<!-- This site is optimized with the Yoast SEO plugin v23.8 - https:\/\/yoast.com\/wordpress\/plugins\/seo\/ -->\n<title>M\u00e9moires techniques Appels d\u2019offres - D\u00e9veloppement durable<\/title>\n<meta name=\"description\" content=\"M\u00e9moires techniques Appels d\u2019offres | D\u00e9veloppement durable | Segmentation et gestion de base de donn\u00e9es |\" \/>\n<meta name=\"robots\" content=\"index, follow, max-snippet:-1, max-image-preview:large, max-video-preview:-1\" \/>\n<link rel=\"canonical\" href=\"https:\/\/fda-works.com\/fr\/\" \/>\n<meta property=\"og:locale\" content=\"fr_FR\" \/>\n<meta property=\"og:type\" content=\"article\" \/>\n<meta property=\"og:title\" content=\"M\u00e9moires techniques Appels d\u2019offres - D\u00e9veloppement durable\" \/>\n<meta property=\"og:description\" content=\"M\u00e9moires techniques Appels d\u2019offres | D\u00e9veloppement durable | Segmentation et gestion de base de donn\u00e9es |\" \/>\n<meta property=\"og:url\" content=\"https:\/\/fda-works.com\/fr\/\" \/>\n<meta property=\"og:site_name\" content=\"FDA Works - Consultor\u00eda Empresarial - A Coru\u00f1a\" \/>\n<meta property=\"article:modified_time\" content=\"2024-06-13T10:00:05+00:00\" \/>\n<meta name=\"twitter:card\" content=\"summary_large_image\" \/>\n<meta name=\"twitter:label1\" content=\"Dur\u00e9e de lecture estim\u00e9e\" \/>\n\t<meta name=\"twitter:data1\" content=\"2 minutes\" \/>\n<script type=\"application\/ld+json\" class=\"yoast-schema-graph\">{\"@context\":\"https:\/\/schema.org\",\"@graph\":[{\"@type\":\"WebPage\",\"@id\":\"https:\/\/fda-works.com\/fr\/\",\"url\":\"https:\/\/fda-works.com\/fr\/\",\"name\":\"M\u00e9moires techniques Appels d\u2019offres - D\u00e9veloppement durable\",\"isPartOf\":{\"@id\":\"https:\/\/fda-works.com\/fr\/#website\"},\"datePublished\":\"2019-06-20T14:29:20+00:00\",\"dateModified\":\"2024-06-13T10:00:05+00:00\",\"description\":\"M\u00e9moires techniques Appels d\u2019offres | D\u00e9veloppement durable | Segmentation et gestion de base de donn\u00e9es |\",\"breadcrumb\":{\"@id\":\"https:\/\/fda-works.com\/fr\/#breadcrumb\"},\"inLanguage\":\"fr-FR\",\"potentialAction\":[{\"@type\":\"ReadAction\",\"target\":[\"https:\/\/fda-works.com\/fr\/\"]}]},{\"@type\":\"BreadcrumbList\",\"@id\":\"https:\/\/fda-works.com\/fr\/#breadcrumb\",\"itemListElement\":[{\"@type\":\"ListItem\",\"position\":1,\"name\":\"Portada\",\"item\":\"https:\/\/fda-works.com\/fr\/\"},{\"@type\":\"ListItem\",\"position\":2,\"name\":\"Accueil\"}]},{\"@type\":\"WebSite\",\"@id\":\"https:\/\/fda-works.com\/fr\/#website\",\"url\":\"https:\/\/fda-works.com\/fr\/\",\"name\":\"FDA Works - Consultor\u00eda Empresarial - A Coru\u00f1a\",\"description\":\"Coworking &amp; Consultor\u00eda Empresarial - A Coru\u00f1a\",\"publisher\":{\"@id\":\"https:\/\/fda-works.com\/fr\/#organization\"},\"potentialAction\":[{\"@type\":\"SearchAction\",\"target\":{\"@type\":\"EntryPoint\",\"urlTemplate\":\"https:\/\/fda-works.com\/fr\/?s={search_term_string}\"},\"query-input\":{\"@type\":\"PropertyValueSpecification\",\"valueRequired\":true,\"valueName\":\"search_term_string\"}}],\"inLanguage\":\"fr-FR\"},{\"@type\":\"Organization\",\"@id\":\"https:\/\/fda-works.com\/fr\/#organization\",\"name\":\"FDA Works - Consultor\u00eda Empresarial - A Coru\u00f1a\",\"url\":\"https:\/\/fda-works.com\/fr\/\",\"logo\":{\"@type\":\"ImageObject\",\"inLanguage\":\"fr-FR\",\"@id\":\"https:\/\/fda-works.com\/fr\/#\/schema\/logo\/image\/\",\"url\":\"https:\/\/fda-works.com\/wp-content\/uploads\/2023\/05\/fda_logo_2023.png\",\"contentUrl\":\"https:\/\/fda-works.com\/wp-content\/uploads\/2023\/05\/fda_logo_2023.png\",\"width\":558,\"height\":106,\"caption\":\"FDA Works - Consultor\u00eda Empresarial - A Coru\u00f1a\"},\"image\":{\"@id\":\"https:\/\/fda-works.com\/fr\/#\/schema\/logo\/image\/\"}}]}<\/script>\n<!-- \/ Yoast SEO plugin. -->","yoast_head_json":{"title":"M\u00e9moires techniques Appels d\u2019offres - D\u00e9veloppement durable","description":"M\u00e9moires techniques Appels d\u2019offres | D\u00e9veloppement durable | Segmentation et gestion de base de donn\u00e9es |","robots":{"index":"index","follow":"follow","max-snippet":"max-snippet:-1","max-image-preview":"max-image-preview:large","max-video-preview":"max-video-preview:-1"},"canonical":"https:\/\/fda-works.com\/fr\/","og_locale":"fr_FR","og_type":"article","og_title":"M\u00e9moires techniques Appels d\u2019offres - D\u00e9veloppement durable","og_description":"M\u00e9moires techniques Appels d\u2019offres | D\u00e9veloppement durable | Segmentation et gestion de base de donn\u00e9es |","og_url":"https:\/\/fda-works.com\/fr\/","og_site_name":"FDA Works - Consultor\u00eda Empresarial - A Coru\u00f1a","article_modified_time":"2024-06-13T10:00:05+00:00","twitter_card":"summary_large_image","twitter_misc":{"Dur\u00e9e de lecture estim\u00e9e":"2 minutes"},"schema":{"@context":"https:\/\/schema.org","@graph":[{"@type":"WebPage","@id":"https:\/\/fda-works.com\/fr\/","url":"https:\/\/fda-works.com\/fr\/","name":"M\u00e9moires techniques Appels d\u2019offres - D\u00e9veloppement durable","isPartOf":{"@id":"https:\/\/fda-works.com\/fr\/#website"},"datePublished":"2019-06-20T14:29:20+00:00","dateModified":"2024-06-13T10:00:05+00:00","description":"M\u00e9moires techniques Appels d\u2019offres | D\u00e9veloppement durable | Segmentation et gestion de base de donn\u00e9es |","breadcrumb":{"@id":"https:\/\/fda-works.com\/fr\/#breadcrumb"},"inLanguage":"fr-FR","potentialAction":[{"@type":"ReadAction","target":["https:\/\/fda-works.com\/fr\/"]}]},{"@type":"BreadcrumbList","@id":"https:\/\/fda-works.com\/fr\/#breadcrumb","itemListElement":[{"@type":"ListItem","position":1,"name":"Portada","item":"https:\/\/fda-works.com\/fr\/"},{"@type":"ListItem","position":2,"name":"Accueil"}]},{"@type":"WebSite","@id":"https:\/\/fda-works.com\/fr\/#website","url":"https:\/\/fda-works.com\/fr\/","name":"FDA Works - Consultor\u00eda Empresarial - A Coru\u00f1a","description":"Coworking &amp; Consultor\u00eda Empresarial - A Coru\u00f1a","publisher":{"@id":"https:\/\/fda-works.com\/fr\/#organization"},"potentialAction":[{"@type":"SearchAction","target":{"@type":"EntryPoint","urlTemplate":"https:\/\/fda-works.com\/fr\/?s={search_term_string}"},"query-input":{"@type":"PropertyValueSpecification","valueRequired":true,"valueName":"search_term_string"}}],"inLanguage":"fr-FR"},{"@type":"Organization","@id":"https:\/\/fda-works.com\/fr\/#organization","name":"FDA Works - Consultor\u00eda Empresarial - A Coru\u00f1a","url":"https:\/\/fda-works.com\/fr\/","logo":{"@type":"ImageObject","inLanguage":"fr-FR","@id":"https:\/\/fda-works.com\/fr\/#\/schema\/logo\/image\/","url":"https:\/\/fda-works.com\/wp-content\/uploads\/2023\/05\/fda_logo_2023.png","contentUrl":"https:\/\/fda-works.com\/wp-content\/uploads\/2023\/05\/fda_logo_2023.png","width":558,"height":106,"caption":"FDA Works - Consultor\u00eda Empresarial - A Coru\u00f1a"},"image":{"@id":"https:\/\/fda-works.com\/fr\/#\/schema\/logo\/image\/"}}]}},"_links":{"self":[{"href":"https:\/\/fda-works.com\/fr\/wp-json\/wp\/v2\/pages\/1647","targetHints":{"allow":["GET"]}}],"collection":[{"href":"https:\/\/fda-works.com\/fr\/wp-json\/wp\/v2\/pages"}],"about":[{"href":"https:\/\/fda-works.com\/fr\/wp-json\/wp\/v2\/types\/page"}],"author":[{"embeddable":true,"href":"https:\/\/fda-works.com\/fr\/wp-json\/wp\/v2\/users\/2"}],"replies":[{"embeddable":true,"href":"https:\/\/fda-works.com\/fr\/wp-json\/wp\/v2\/comments?post=1647"}],"version-history":[{"count":8,"href":"https:\/\/fda-works.com\/fr\/wp-json\/wp\/v2\/pages\/1647\/revisions"}],"predecessor-version":[{"id":1728,"href":"https:\/\/fda-works.com\/fr\/wp-json\/wp\/v2\/pages\/1647\/revisions\/1728"}],"wp:attachment":[{"href":"https:\/\/fda-works.com\/fr\/wp-json\/wp\/v2\/media?parent=1647"}],"curies":[{"name":"wp","href":"https:\/\/api.w.org\/{rel}","templated":true}]}}