{"id":1648,"date":"2023-10-08T11:52:25","date_gmt":"2023-10-08T09:52:25","guid":{"rendered":"https:\/\/fda-works.com\/declaration-daccessibilite\/"},"modified":"2024-02-06T08:40:49","modified_gmt":"2024-02-06T07:40:49","slug":"declaration-daccessibilite","status":"publish","type":"page","link":"https:\/\/fda-works.com\/fr\/declaration-daccessibilite\/","title":{"rendered":"D\u00e9claration d&rsquo;accessibilit\u00e9"},"content":{"rendered":"\n<p>FDA WORKS s&rsquo;engage \u00e0 rendre son site web accessible conform\u00e9ment \u00e0 l&rsquo;<a href=\"http:\/\/www.boe.es\/diario_boe\/txt.php?id=BOE-A-2018-12699\" target=\"_blank\" rel=\"noreferrer noopener\">arr\u00eat\u00e9 royal 1112\/2018 du 7 septembre sur l&rsquo;accessibilit\u00e9 des sites web du secteur public et des applications pour appareils mobiles<\/a>.<\/p>\n\n<p>Cette d\u00e9claration d&rsquo;accessibilit\u00e9 s&rsquo;applique au site web fda-works.co.uk.<\/p>\n\n<h2 class=\"wp-block-heading\">\u00c9tat de conformit\u00e9<\/h2>\n\n<p>Ce site web est <strong>partiellement conforme <\/strong>au RD 1112\/2018 en raison des exceptions et de la non-conformit\u00e9 des aspects \u00e9num\u00e9r\u00e9s ci-dessous.<\/p>\n\n<h2 class=\"wp-block-heading\">Contenu non accessible<\/h2>\n\n<p>Le contenu ci-dessous n&rsquo;est pas accessible pour les raisons suivantes :<\/p>\n\n<ol class=\"wp-block-list\">\n<li>Non-conformit\u00e9 avec le RD 1112\/2018\n<ul class=\"wp-block-list\">\n<li>Il y a des logos et des images avec un texte alternatif incorrect ou d\u00e9routant et des images complexes sans description textuelle [exigence num\u00e9ro 9.1.1.1.1 Contenu non textuel, de la norme UNE-EN 301549:2022].<\/li>\n\n\n\n<li>Il y a des listes mal cr\u00e9\u00e9es (pas d&rsquo;\u00e9tiquette de liste), des tableaux avec des cellules mal \u00e9tiquet\u00e9es et des \u00e9tiquettes invisibles sur les \u00e9l\u00e9ments du formulaire (exigence num\u00e9ro 9.1.3.1 Information et relations, de la norme UNE-EN 301549:2022).<\/li>\n\n\n\n<li>Il y a des tableaux qui ne sont pas adapt\u00e9s aux petites tailles d&rsquo;\u00e9cran et des champs de formulaire qui ne s&rsquo;affichent pas correctement sur les petites tailles d&rsquo;\u00e9cran (exigence num\u00e9ro 9.1.4.10 Text Resizing, de la norme UNE-EN 301549:2022).<\/li>\n\n\n\n<li>Il y a du texte qui ne s&rsquo;affiche pas correctement lorsque la hauteur des lignes et l&rsquo;espacement sont modifi\u00e9s [num\u00e9ro d&rsquo;exigence 9.1.4.12 Espacement du texte, de la norme UNE-EN 301549:2022].<\/li>\n\n\n\n<li>Certains \u00e9l\u00e9ments ne sont pas accessibles au clavier, comme les liens vers les r\u00e9seaux sociaux, l&rsquo;\u00e9diteur de texte pour les commentaires, les \u00e9l\u00e9ments de tri des r\u00e9sultats de recherche, la pagination des r\u00e9sultats de recherche ou les fl\u00e8ches de calendrier [exigence num\u00e9ro 9.2.1.1.1 Clavier, de la norme UNE-EN 301549:2022].<\/li>\n\n\n\n<li>Certains \u00e9l\u00e9ments ne re\u00e7oivent pas le focus et ne peuvent donc pas \u00eatre manipul\u00e9s par le clavier, par exemple [exigence num\u00e9ro 9.2.4.3 Focus order, de la norme UNE-EN 301549:2022].<\/li>\n\n\n\n<li>Il existe des liens dont la fonction n&rsquo;est pas correctement identifi\u00e9e (description inad\u00e9quate, texte trop g\u00e9n\u00e9rique, titre inad\u00e9quat&#8230;).<br\/>[num\u00e9ro d&rsquo;exigence 9.2.4.4.4 Purpose of links, de la norme UNE-EN 301549:2022].<\/li>\n\n\n\n<li>Il y a des titres avec un texte r\u00e9p\u00e9t\u00e9 et\/ou non descriptif [exigence num\u00e9ro 9.2.4.6 Titres et \u00e9tiquettes, de la norme UNE-EN 301549:2022].<\/li>\n\n\n\n<li>Il y a des images, des infographies, des textes de liens ou de boutons, des textes de titres et des contenus qui ne sont pas traduits dans d&rsquo;autres langues [exigence num\u00e9ro 9.3.1.2 Langue des parties, de la norme UNE-EN 301549:2022].<\/li>\n\n\n\n<li>Sur certaines pages, la m\u00eame ic\u00f4ne est utilis\u00e9e \u00e0 des fins diff\u00e9rentes, ce qui cr\u00e9e une confusion [exigence num\u00e9ro 9.3.2.4 Identification coh\u00e9rente, de la norme UNE-EN 301549:2022].<\/li>\n\n\n\n<li>Il y a des messages d&rsquo;erreur qui ne sont pas tr\u00e8s descriptifs, ou des messages d&rsquo;erreur qui ne sont pas regroup\u00e9s en un seul message, ainsi qu&rsquo;un manque de suggestions dans le formulaire pour remplir les champs correctement [exigence num\u00e9ro 9.3.3.1 Identification des erreurs, de la norme UNE-EN 301549:2022].<\/li>\n\n\n\n<li>Il existe des formulaires comportant des champs obligatoires dont l&rsquo;utilisateur n&rsquo;est pas inform\u00e9, ainsi que des champs pour lesquels il n&rsquo;existe pas d&rsquo;exemple textuel du format du champ.<br\/>(par exemple, DNI) [exigence num\u00e9ro 9.3.3.2 \u00c9tiquettes et instructions, de la norme UNE-EN 301549:2022].<\/li>\n\n\n\n<li>Dans certains champs de formulaire, l&rsquo;erreur est signal\u00e9e lorsqu&rsquo;une valeur incorrecte est saisie, mais aucune suggestion de correction n&rsquo;est signal\u00e9e.<br\/>[num\u00e9ro d&rsquo;exigence 9.3.3.3.3 Suggestions d&rsquo;erreurs, de la norme UNE-EN 301549:2022].<\/li>\n\n\n\n<li>Certaines pages contiennent des erreurs de syntaxe et, par cons\u00e9quent, certains produits d&rsquo;assistance peuvent ne pas interpr\u00e9ter le contenu correctement (ID de page dupliqu\u00e9s, balises non ferm\u00e9es, construction de balises incorrecte&#8230;). [num\u00e9ro d&rsquo;exigence 9.4.1.1.1 Traitement, de la norme UNE-EN 301549:2022].<\/li>\n\n\n\n<li>Il existe des pages o\u00f9 les produits de support ne seront pas en mesure d&rsquo;obtenir des informations, d&rsquo;interagir et de conna\u00eetre l&rsquo;\u00e9tat des contr\u00f4les de l&rsquo;interface utilisateur, par exemple les messages d&rsquo;aide, les messages d&rsquo;\u00e9tat du r\u00e9sultat de l&rsquo;action, les attributs des liens, l&rsquo;image de la langue de la page&#8230; qui ne seront pas lisibles par les lecteurs d&rsquo;\u00e9cran au moment o\u00f9 ils apparaissent [num\u00e9ro d&rsquo;exigence 9.4.1.2 Nom, fonction, valeur de la norme UNE-EN 301549:2022].<\/li>\n\n\n\n<li>Certaines pages web peuvent contenir des erreurs d&rsquo;\u00e9dition occasionnelles.<\/li>\n<\/ul>\n<\/li>\n\n\n\n<li>Charge disproportionn\u00e9e\n<ul class=\"wp-block-list\">\n<li>Sans objet.<\/li>\n<\/ul>\n<\/li>\n\n\n\n<li>Le contenu n&rsquo;entre pas dans le champ d&rsquo;application de la l\u00e9gislation applicable.\n<ul class=\"wp-block-list\">\n<li>Il se peut que des fichiers bureautiques au format PDF ou dans d&rsquo;autres formats publi\u00e9s avant le 20 septembre 2018 ne soient pas enti\u00e8rement conformes \u00e0 toutes les exigences en mati\u00e8re d&rsquo;accessibilit\u00e9. Toutefois, des efforts ont \u00e9t\u00e9 d\u00e9ploy\u00e9s pour veiller \u00e0 ce que la plupart d&rsquo;entre eux s&rsquo;y conforment.<\/li>\n<\/ul>\n<\/li>\n<\/ol>\n\n<h2 class=\"wp-block-heading\">Pr\u00e9paration de la pr\u00e9sente d\u00e9claration d&rsquo;accessibilit\u00e9<\/h2>\n\n<p>Cette d\u00e9claration a \u00e9t\u00e9 pr\u00e9par\u00e9e le 20\/05\/2023.<\/p>\n\n<p>La m\u00e9thode utilis\u00e9e pour pr\u00e9parer la d\u00e9claration \u00e9tait une auto-\u00e9valuation r\u00e9alis\u00e9e par l&rsquo;entit\u00e9 elle-m\u00eame.<\/p>\n\n<p>Derni\u00e8re r\u00e9vision de la d\u00e9claration : 20\/05\/2023.<\/p>\n\n<h2 class=\"wp-block-heading\">Remarques et coordonn\u00e9es<\/h2>\n\n<p>Vous pouvez faire des communications sur les exigences en mati\u00e8re d&rsquo;accessibilit\u00e9 (article 10.2.a) du RD 1112\/2018) telles que<\/p>\n\n<ul class=\"wp-block-list\">\n<li>de signaler tout manquement \u00e9ventuel \u00e0 la l\u00e9gislation en vigueur sur ce site web<\/li>\n\n\n\n<li>transmettre d&rsquo;autres difficult\u00e9s d&rsquo;acc\u00e8s au contenu<\/li>\n\n\n\n<li>poser toute autre question ou faire toute suggestion d&rsquo;am\u00e9lioration concernant l&rsquo;accessibilit\u00e9 du site web<\/li>\n<\/ul>\n\n<p>Par le biais du <a href=\"https:\/\/fda-works.com\/fr\/contact\/\">formulaire de contact<\/a> suivant.<\/p>\n\n<p>Vous pouvez soumettre votre candidature :<\/p>\n\n<ul class=\"wp-block-list\">\n<li>une plainte concernant le respect des exigences du RD 1112\/2018 ou<\/li>\n\n\n\n<li>una&nbsp;Solicitud de Informaci\u00f3n accesible&nbsp;relativa a:\n<ul class=\"wp-block-list\">\n<li>les contenus qui sont exclus du champ d&rsquo;application du RD 1112\/2018, conform\u00e9ment \u00e0 l&rsquo;article 3, paragraphe 4<\/li>\n\n\n\n<li>le contenu qui est exempt\u00e9 des exigences d&rsquo;accessibilit\u00e9 parce qu&rsquo;il impose une charge disproportionn\u00e9e.<\/li>\n<\/ul>\n<\/li>\n<\/ul>\n\n<p>Dans la demande d&rsquo;informations accessibles, les faits, les raisons et la demande doivent \u00eatre clairement \u00e9nonc\u00e9s afin d&rsquo;\u00e9tablir que la demande est raisonnable et l\u00e9gitime.<\/p>\n\n<h2 class=\"wp-block-heading\">Contenu optionnel<\/h2>\n\n<p>Ce site web applique les exigences de la norme UNE-EN 301549:2022 en tenant compte des exceptions du RD 1112\/2018.<\/p>\n\n<p>Le dernier bilan d&rsquo;accessibilit\u00e9 a \u00e9t\u00e9 r\u00e9alis\u00e9 le 20\/05\/2023.<\/p>\n\n<p>Le site web est optimis\u00e9 pour Microsoft Internet Explorer 8.0 ou plus et les derni\u00e8res versions de FireFox, Safari, Opera et Google Chrome. La r\u00e9solution web minimale recommand\u00e9e est de 1280&#215;1024.<\/p>\n\n<p>Le site web est con\u00e7u pour un affichage r\u00e9actif, de sorte qu&rsquo;il s&rsquo;affiche de mani\u00e8re optimale sur les tablettes et les appareils mobiles. Sur ces appareils, il est optimis\u00e9 pour \u00eatre visualis\u00e9 sur les derni\u00e8res versions de Chrome pour mobile, Firefox pour mobile, Safari pour mobile, Opera Mini et le navigateur natif d&rsquo;Android.<\/p>\n","protected":false},"excerpt":{"rendered":"<p>FDA WORKS s&rsquo;engage \u00e0 rendre son site web accessible conform\u00e9ment \u00e0 l&rsquo;arr\u00eat\u00e9 royal 1112\/2018 du 7 septembre sur l&rsquo;accessibilit\u00e9 des sites web du secteur public et des applications pour appareils mobiles. Cette d\u00e9claration d&rsquo;accessibilit\u00e9 s&rsquo;applique au site web fda-works.co.uk. \u00c9tat de conformit\u00e9 Ce site web est partiellement conforme au RD 1112\/2018 en raison des exceptions [&hellip;]<\/p>\n","protected":false},"author":2,"featured_media":0,"parent":0,"menu_order":0,"comment_status":"closed","ping_status":"closed","template":"","meta":{"_acf_changed":false,"footnotes":""},"class_list":["post-1648","page","type-page","status-publish","hentry"],"acf":[],"yoast_head":"<!-- This site is optimized with the Yoast SEO plugin v23.8 - https:\/\/yoast.com\/wordpress\/plugins\/seo\/ -->\n<title>D\u00e9claration d&#039;accessibilit\u00e9 - FDA Works - Consultor\u00eda Empresarial - A Coru\u00f1a<\/title>\n<meta name=\"robots\" content=\"noindex, nofollow\" \/>\n<meta property=\"og:locale\" content=\"fr_FR\" \/>\n<meta property=\"og:type\" content=\"article\" \/>\n<meta property=\"og:title\" content=\"D\u00e9claration d&#039;accessibilit\u00e9 - FDA Works - Consultor\u00eda Empresarial - A Coru\u00f1a\" \/>\n<meta property=\"og:description\" content=\"FDA WORKS s&rsquo;engage \u00e0 rendre son site web accessible conform\u00e9ment \u00e0 l&rsquo;arr\u00eat\u00e9 royal 1112\/2018 du 7 septembre sur l&rsquo;accessibilit\u00e9 des sites web du secteur public et des applications pour appareils mobiles. Cette d\u00e9claration d&rsquo;accessibilit\u00e9 s&rsquo;applique au site web fda-works.co.uk. \u00c9tat de conformit\u00e9 Ce site web est partiellement conforme au RD 1112\/2018 en raison des exceptions [&hellip;]\" \/>\n<meta property=\"og:url\" content=\"https:\/\/fda-works.com\/fr\/declaration-daccessibilite\/\" \/>\n<meta property=\"og:site_name\" content=\"FDA Works - Consultor\u00eda Empresarial - A Coru\u00f1a\" \/>\n<meta property=\"article:modified_time\" content=\"2024-02-06T07:40:49+00:00\" \/>\n<meta name=\"twitter:card\" content=\"summary_large_image\" \/>\n<meta name=\"twitter:label1\" content=\"Dur\u00e9e de lecture estim\u00e9e\" \/>\n\t<meta name=\"twitter:data1\" content=\"5 minutes\" \/>\n<script type=\"application\/ld+json\" class=\"yoast-schema-graph\">{\"@context\":\"https:\/\/schema.org\",\"@graph\":[{\"@type\":\"WebPage\",\"@id\":\"https:\/\/fda-works.com\/fr\/declaration-daccessibilite\/\",\"url\":\"https:\/\/fda-works.com\/fr\/declaration-daccessibilite\/\",\"name\":\"D\u00e9claration d'accessibilit\u00e9 - FDA Works - Consultor\u00eda Empresarial - A Coru\u00f1a\",\"isPartOf\":{\"@id\":\"https:\/\/fda-works.com\/fr\/#website\"},\"datePublished\":\"2023-10-08T09:52:25+00:00\",\"dateModified\":\"2024-02-06T07:40:49+00:00\",\"breadcrumb\":{\"@id\":\"https:\/\/fda-works.com\/fr\/declaration-daccessibilite\/#breadcrumb\"},\"inLanguage\":\"fr-FR\",\"potentialAction\":[{\"@type\":\"ReadAction\",\"target\":[\"https:\/\/fda-works.com\/fr\/declaration-daccessibilite\/\"]}]},{\"@type\":\"BreadcrumbList\",\"@id\":\"https:\/\/fda-works.com\/fr\/declaration-daccessibilite\/#breadcrumb\",\"itemListElement\":[{\"@type\":\"ListItem\",\"position\":1,\"name\":\"Portada\",\"item\":\"https:\/\/fda-works.com\/fr\/\"},{\"@type\":\"ListItem\",\"position\":2,\"name\":\"D\u00e9claration d&#8217;accessibilit\u00e9\"}]},{\"@type\":\"WebSite\",\"@id\":\"https:\/\/fda-works.com\/fr\/#website\",\"url\":\"https:\/\/fda-works.com\/fr\/\",\"name\":\"FDA Works - Consultor\u00eda Empresarial - A Coru\u00f1a\",\"description\":\"Coworking &amp; Consultor\u00eda Empresarial - A Coru\u00f1a\",\"publisher\":{\"@id\":\"https:\/\/fda-works.com\/fr\/#organization\"},\"potentialAction\":[{\"@type\":\"SearchAction\",\"target\":{\"@type\":\"EntryPoint\",\"urlTemplate\":\"https:\/\/fda-works.com\/fr\/?s={search_term_string}\"},\"query-input\":{\"@type\":\"PropertyValueSpecification\",\"valueRequired\":true,\"valueName\":\"search_term_string\"}}],\"inLanguage\":\"fr-FR\"},{\"@type\":\"Organization\",\"@id\":\"https:\/\/fda-works.com\/fr\/#organization\",\"name\":\"FDA Works - Consultor\u00eda Empresarial - A Coru\u00f1a\",\"url\":\"https:\/\/fda-works.com\/fr\/\",\"logo\":{\"@type\":\"ImageObject\",\"inLanguage\":\"fr-FR\",\"@id\":\"https:\/\/fda-works.com\/fr\/#\/schema\/logo\/image\/\",\"url\":\"https:\/\/fda-works.com\/wp-content\/uploads\/2023\/05\/fda_logo_2023.png\",\"contentUrl\":\"https:\/\/fda-works.com\/wp-content\/uploads\/2023\/05\/fda_logo_2023.png\",\"width\":558,\"height\":106,\"caption\":\"FDA Works - Consultor\u00eda Empresarial - A Coru\u00f1a\"},\"image\":{\"@id\":\"https:\/\/fda-works.com\/fr\/#\/schema\/logo\/image\/\"}}]}<\/script>\n<!-- \/ Yoast SEO plugin. -->","yoast_head_json":{"title":"D\u00e9claration d'accessibilit\u00e9 - FDA Works - Consultor\u00eda Empresarial - A Coru\u00f1a","robots":{"index":"noindex","follow":"nofollow"},"og_locale":"fr_FR","og_type":"article","og_title":"D\u00e9claration d'accessibilit\u00e9 - FDA Works - Consultor\u00eda Empresarial - A Coru\u00f1a","og_description":"FDA WORKS s&rsquo;engage \u00e0 rendre son site web accessible conform\u00e9ment \u00e0 l&rsquo;arr\u00eat\u00e9 royal 1112\/2018 du 7 septembre sur l&rsquo;accessibilit\u00e9 des sites web du secteur public et des applications pour appareils mobiles. Cette d\u00e9claration d&rsquo;accessibilit\u00e9 s&rsquo;applique au site web fda-works.co.uk. \u00c9tat de conformit\u00e9 Ce site web est partiellement conforme au RD 1112\/2018 en raison des exceptions [&hellip;]","og_url":"https:\/\/fda-works.com\/fr\/declaration-daccessibilite\/","og_site_name":"FDA Works - Consultor\u00eda Empresarial - A Coru\u00f1a","article_modified_time":"2024-02-06T07:40:49+00:00","twitter_card":"summary_large_image","twitter_misc":{"Dur\u00e9e de lecture estim\u00e9e":"5 minutes"},"schema":{"@context":"https:\/\/schema.org","@graph":[{"@type":"WebPage","@id":"https:\/\/fda-works.com\/fr\/declaration-daccessibilite\/","url":"https:\/\/fda-works.com\/fr\/declaration-daccessibilite\/","name":"D\u00e9claration d'accessibilit\u00e9 - FDA Works - Consultor\u00eda Empresarial - A Coru\u00f1a","isPartOf":{"@id":"https:\/\/fda-works.com\/fr\/#website"},"datePublished":"2023-10-08T09:52:25+00:00","dateModified":"2024-02-06T07:40:49+00:00","breadcrumb":{"@id":"https:\/\/fda-works.com\/fr\/declaration-daccessibilite\/#breadcrumb"},"inLanguage":"fr-FR","potentialAction":[{"@type":"ReadAction","target":["https:\/\/fda-works.com\/fr\/declaration-daccessibilite\/"]}]},{"@type":"BreadcrumbList","@id":"https:\/\/fda-works.com\/fr\/declaration-daccessibilite\/#breadcrumb","itemListElement":[{"@type":"ListItem","position":1,"name":"Portada","item":"https:\/\/fda-works.com\/fr\/"},{"@type":"ListItem","position":2,"name":"D\u00e9claration d&#8217;accessibilit\u00e9"}]},{"@type":"WebSite","@id":"https:\/\/fda-works.com\/fr\/#website","url":"https:\/\/fda-works.com\/fr\/","name":"FDA Works - Consultor\u00eda Empresarial - A Coru\u00f1a","description":"Coworking &amp; Consultor\u00eda Empresarial - A Coru\u00f1a","publisher":{"@id":"https:\/\/fda-works.com\/fr\/#organization"},"potentialAction":[{"@type":"SearchAction","target":{"@type":"EntryPoint","urlTemplate":"https:\/\/fda-works.com\/fr\/?s={search_term_string}"},"query-input":{"@type":"PropertyValueSpecification","valueRequired":true,"valueName":"search_term_string"}}],"inLanguage":"fr-FR"},{"@type":"Organization","@id":"https:\/\/fda-works.com\/fr\/#organization","name":"FDA Works - Consultor\u00eda Empresarial - A Coru\u00f1a","url":"https:\/\/fda-works.com\/fr\/","logo":{"@type":"ImageObject","inLanguage":"fr-FR","@id":"https:\/\/fda-works.com\/fr\/#\/schema\/logo\/image\/","url":"https:\/\/fda-works.com\/wp-content\/uploads\/2023\/05\/fda_logo_2023.png","contentUrl":"https:\/\/fda-works.com\/wp-content\/uploads\/2023\/05\/fda_logo_2023.png","width":558,"height":106,"caption":"FDA Works - Consultor\u00eda Empresarial - A Coru\u00f1a"},"image":{"@id":"https:\/\/fda-works.com\/fr\/#\/schema\/logo\/image\/"}}]}},"_links":{"self":[{"href":"https:\/\/fda-works.com\/fr\/wp-json\/wp\/v2\/pages\/1648","targetHints":{"allow":["GET"]}}],"collection":[{"href":"https:\/\/fda-works.com\/fr\/wp-json\/wp\/v2\/pages"}],"about":[{"href":"https:\/\/fda-works.com\/fr\/wp-json\/wp\/v2\/types\/page"}],"author":[{"embeddable":true,"href":"https:\/\/fda-works.com\/fr\/wp-json\/wp\/v2\/users\/2"}],"replies":[{"embeddable":true,"href":"https:\/\/fda-works.com\/fr\/wp-json\/wp\/v2\/comments?post=1648"}],"version-history":[{"count":1,"href":"https:\/\/fda-works.com\/fr\/wp-json\/wp\/v2\/pages\/1648\/revisions"}],"predecessor-version":[{"id":1649,"href":"https:\/\/fda-works.com\/fr\/wp-json\/wp\/v2\/pages\/1648\/revisions\/1649"}],"wp:attachment":[{"href":"https:\/\/fda-works.com\/fr\/wp-json\/wp\/v2\/media?parent=1648"}],"curies":[{"name":"wp","href":"https:\/\/api.w.org\/{rel}","templated":true}]}}