{"id":1691,"date":"2024-06-05T11:20:54","date_gmt":"2024-06-05T09:20:54","guid":{"rendered":"https:\/\/fda-works.com\/politique-en-matiere-de-cookies\/"},"modified":"2024-09-25T09:51:09","modified_gmt":"2024-09-25T07:51:09","slug":"politique-en-matiere-de-cookies","status":"publish","type":"page","link":"https:\/\/fda-works.com\/fr\/politique-en-matiere-de-cookies\/","title":{"rendered":"Politique en mati\u00e8re de cookies"},"content":{"rendered":"\n<h2 class=\"wp-block-heading\">INFORMATIONS SUR LES COOKIES<\/h2>\n\n<p>Conform\u00e9ment \u00e0 la loi 34\/2002, du 11 juillet, sur les services de la soci\u00e9t\u00e9 de l&rsquo;information et le commerce \u00e9lectronique (LSSI), en relation avec le r\u00e8glement (UE) 2016\/679 du Parlement europ\u00e9en et du Conseil, du 27 avril 2016, R\u00e8glement g\u00e9n\u00e9ral sur la protection des donn\u00e9es (RGPD) et la loi organique 3\/2018, du 5 d\u00e9cembre, sur la protection des donn\u00e9es et la garantie des droits num\u00e9riques (LOPDGDD), il est obligatoire d&rsquo;obtenir le consentement expr\u00e8s de l&rsquo;utilisateur de tous les sites Web qui utilisent des cookies dispensables, avant que l&rsquo;utilisateur ne navigue sur ces derniers.<\/p>\n\n<h1 class=\"wp-block-heading\">QU&rsquo;EST-CE QU&rsquo;UN BISCUIT ?<\/h1>\n\n<p><em> <\/em><em> <\/em>Les <em>cookies<\/em> et autres technologies similaires telles que les objets locaux partag\u00e9s, les<em>cookies<\/em> flash ou les pixels, sont des outils utilis\u00e9s par les serveurs web pour stocker et r\u00e9cup\u00e9rer des informations sur leurs visiteurs, ainsi que pour assurer le bon fonctionnement du site.<\/p>\n\n<p>L&rsquo;utilisation de ces dispositifs permet au serveur web de m\u00e9moriser certaines donn\u00e9es concernant l&rsquo;utilisateur, telles que ses pr\u00e9f\u00e9rences en mati\u00e8re de consultation des pages de ce serveur, son nom et son mot de passe, les produits qui l&rsquo;int\u00e9ressent le plus, etc.<\/p>\n\n<h1 class=\"wp-block-heading\"><em>COOKIES <\/em>CONCERN\u00c9S PAR LE R\u00c8GLEMENT ET COOKIES EXEMPT\u00c9S<\/h1>\n\n<p><em> <\/em>Selon la directive europ\u00e9enne, les <em>cookies <\/em>qui requi\u00e8rent le consentement \u00e9clair\u00e9 de l&rsquo;utilisateur sont les <em>cookies d&rsquo;<\/em>analyse et ceux de publicit\u00e9 et d&rsquo;affiliation, \u00e0 l&rsquo;exception des <em>cookies de<\/em> nature technique et de ceux qui sont n\u00e9cessaires au fonctionnement du site web ou \u00e0 la fourniture de services express\u00e9ment demand\u00e9s par l&rsquo;utilisateur.<\/p>\n\n<h1 class=\"wp-block-heading\">TYPES DE COOKIES<\/h1>\n\n<p><strong>EN FONCTION DE L&rsquo;OBJECTIF<\/strong><\/p>\n\n<p><img width=\"3\" height=\"3\"\/><strong><em>Cookies <\/em>techniques et fonctionnels<\/strong>: il s&rsquo;agit de cookies qui permettent \u00e0 l&rsquo;utilisateur de naviguer sur un site web, une plateforme ou une application et d&rsquo;utiliser les diff\u00e9rentes options ou services qui y sont propos\u00e9s<em>.<\/em><\/p>\n\n<p><img width=\"3\" height=\"3\"\/><strong><em>Cookies <\/em>analytiques<\/strong>: il s&rsquo;agit de cookies qui permettent au responsable de suivre et d&rsquo;analyser le comportement des utilisateurs des sites web auxquels ils sont li\u00e9s.\nLes informations collect\u00e9es par ce type de <em>cookies <\/em>sont utilis\u00e9es pour mesurer l&rsquo;activit\u00e9 des sites web, de l&rsquo;application ou de la plateforme et pour l&rsquo;\u00e9laboration de profils de navigation des utilisateurs de ces sites, applications et plateformes, afin d&rsquo;introduire des am\u00e9liorations bas\u00e9es sur l&rsquo;analyse des donn\u00e9es d&rsquo;utilisation des utilisateurs du service. <\/p>\n\n<p><img width=\"3\" height=\"3\"\/><strong><em>Cookies <\/em>publicitaires : <\/strong>ce sont ceux qui permettent de g\u00e9rer, de la mani\u00e8re la plus efficace possible, les espaces publicitaires que, le cas \u00e9ch\u00e9ant, l&rsquo;\u00e9diteur a inclus sur un site web, une application ou une plateforme \u00e0 partir de laquelle le service demand\u00e9 est fourni, sur la base de crit\u00e8res tels que le contenu \u00e9dit\u00e9 ou la fr\u00e9quence \u00e0 laquelle les publicit\u00e9s sont affich\u00e9es.<\/p>\n\n<p><img width=\"3\" height=\"3\"\/><strong><em>Cookies de <\/em>publicit\u00e9 comportementale<\/strong>: ils collectent des informations sur les pr\u00e9f\u00e9rences et les choix personnels de l&rsquo;utilisateur<em>(retargeting<\/em>) pour permettre de g\u00e9rer, de la mani\u00e8re la plus efficace possible, les espaces publicitaires que, le cas \u00e9ch\u00e9ant, l&rsquo;\u00e9diteur a inclus sur un site web, une application ou une plateforme \u00e0 partir desquels le service demand\u00e9 est fourni.<\/p>\n\n<p><img width=\"3\" height=\"4\"\/><strong><em>Cookies <\/em>sociaux<\/strong>: ils sont install\u00e9s par les plateformes de m\u00e9dias sociaux sur les services pour vous permettre de partager des contenus avec vos amis et vos r\u00e9seaux.\nLes plateformes de m\u00e9dias sociaux ont le droit de <\/p>\n\n<p>la possibilit\u00e9 de suivre votre activit\u00e9 en ligne en dehors des services.\nCela peut affecter le contenu et les messages que vous voyez sur d&rsquo;autres services que vous visitez. <\/p>\n\n<p><img width=\"3\" height=\"3\"\/><strong><em>Cookies d&rsquo;<\/em>affiliation<\/strong>: ils permettent de suivre les visites d&rsquo;autres sites web avec lesquels le site web a un contrat d&rsquo;affiliation (soci\u00e9t\u00e9s d&rsquo;affiliation).<\/p>\n\n<p><img width=\"3\" height=\"3\"\/><strong><em>Cookies de <\/em>s\u00e9curit\u00e9<\/strong>: ils stockent des informations crypt\u00e9es afin d&rsquo;\u00e9viter que les donn\u00e9es qu&rsquo;ils contiennent ne soient vuln\u00e9rables aux attaques malveillantes de tiers.<\/p>\n\n<h1 class=\"wp-block-heading\">EN FONCTION DE LA PROPRI\u00c9T\u00c9<\/h1>\n\n<p><img width=\"3\" height=\"3\"\/><strong><em>Cookies <\/em>propres<\/strong>: ce sont ceux qui sont envoy\u00e9s \u00e0 l&rsquo;\u00e9quipement terminal de l&rsquo;utilisateur \u00e0 partir d&rsquo;un ordinateur ou d&rsquo;un domaine g\u00e9r\u00e9 par l&rsquo;\u00e9diteur lui-m\u00eame et \u00e0 partir duquel le service demand\u00e9 par l&rsquo;utilisateur est fourni.<\/p>\n\n<p><img width=\"3\" height=\"3\"\/><strong><em>Cookies de <\/em>tiers : il <\/strong>s&rsquo;agit de cookies envoy\u00e9s \u00e0 l&rsquo;\u00e9quipement terminal de l&rsquo;utilisateur \u00e0 partir d&rsquo;un ordinateur ou d&rsquo;un domaine qui n&rsquo;est pas g\u00e9r\u00e9 par l&rsquo;\u00e9diteur, mais par une autre entit\u00e9 qui traite les donn\u00e9es obtenues par le biais des cookies.<\/p>\n\n<h1 class=\"wp-block-heading\">EN FONCTION DE LA DUR\u00c9E DE CONSERVATION<\/h1>\n\n<p><img width=\"3\" height=\"3\"\/><strong><em>Cookies <\/em><\/strong><strong>Cookies de session : <\/strong>il s&rsquo;agit d&rsquo;un type de <em>cookie <\/em>con\u00e7u pour collecter et stocker des donn\u00e9es pendant que l&rsquo;utilisateur acc\u00e8de \u00e0 une page web.<\/p>\n\n<p><img width=\"3\" height=\"3\"\/><strong><em>Cookies <\/em>persistants : il <\/strong>s&rsquo;agit d&rsquo;un type de cookie dans lequel les donn\u00e9es restent stock\u00e9es dans le terminal et peuvent \u00eatre consult\u00e9es et trait\u00e9es pendant une p\u00e9riode d\u00e9finie par le responsable du <em>cookie<\/em>, qui peut aller de quelques minutes \u00e0 plusieurs ann\u00e9es.<\/p>\n\n<h1 class=\"wp-block-heading\">TRAITEMENT DES DONN\u00c9ES \u00c0 CARACT\u00c8RE PERSONNEL<\/h1>\n\n<p>FDA WORKS S.L est le <strong>contr\u00f4leur des <\/strong>donn\u00e9es personnelles de la <strong>personne concern\u00e9e <\/strong>et vous informe que ces donn\u00e9es seront trait\u00e9es conform\u00e9ment aux dispositions du R\u00e8glement (UE) 2016\/679 du 27 avril 2016 (GDPR), et par cons\u00e9quent les informations de traitement suivantes vous sont fournies :<\/p>\n\n<p><strong>Finalit\u00e9s du traitement : <\/strong>telles que sp\u00e9cifi\u00e9es dans la section relative aux <em>cookies <\/em>utilis\u00e9s sur ce site web.<\/p>\n\n<p><strong>L\u00e9gitimation du traitement<\/strong>: sauf dans les cas o\u00f9 il est n\u00e9cessaire pour naviguer sur le site web, par le consentement de la personne concern\u00e9e (art. 6.1.a GDPR).<\/p>\n\n<p><strong>Crit\u00e8res de conservation des donn\u00e9es<\/strong>: tels que sp\u00e9cifi\u00e9s dans la section relative aux <em>cookies <\/em>utilis\u00e9s sur le site web.<\/p>\n\n<p><strong>Communication des donn\u00e9es<\/strong>: les donn\u00e9es ne seront pas communiqu\u00e9es \u00e0 des tiers, sauf dans les cookies d\u00e9tenus par des tiers ou par obligation l\u00e9gale.<\/p>\n\n<h1 class=\"wp-block-heading\">Droits de la partie int\u00e9ress\u00e9e :<\/h1>\n\n<ul class=\"wp-block-list\">\n<li>Droit de retirer son consentement \u00e0 tout moment.<\/li>\n\n\n\n<li>Le droit d&rsquo;acc\u00e8s, de rectification, de portabilit\u00e9 et d&rsquo;effacement de vos donn\u00e9es, ainsi que le droit de limiter leur traitement ou de s&rsquo;y opposer.<\/li>\n\n\n\n<li>Le droit d&rsquo;introduire une r\u00e9clamation aupr\u00e8s de l&rsquo;autorit\u00e9 de contr\u00f4le (www.aepd.es) si vous estimez que le traitement n&rsquo;est pas conforme \u00e0 la r\u00e9glementation en vigueur.<\/li>\n<\/ul>\n\n<h1 class=\"wp-block-heading\">Coordonn\u00e9es pour l&rsquo;exercice de vos droits :<\/h1>\n\n<p>FDA WORKS S.L. CL.\nANGEL REBOLLO, 12 BJ D &#8211; 15002 A CORU\u00d1A (A Coru\u00f1a).\nE-mail : info@fda-  <\/p>\n\n<p>travaux.com<\/p>\n\n<h1 class=\"wp-block-heading\">COOKIES UTILIS\u00c9S SUR CE SITE WEB<\/h1>\n\n<figure class=\"wp-block-table\"><table class=\"has-fixed-layout\"><tbody><tr><td><strong>Propri\u00e9t\u00e9<\/strong><\/td><td><strong>Cookie<\/strong><\/td><td><strong>Objectif<\/strong><\/td><td><strong>Date limite<\/strong><\/td><\/tr><tr><td><strong> <\/strong>  fda-works.com<\/td><td><strong> <\/strong> <strong>Autoris\u00e9 pour les cookies<\/strong><\/td><td>Cookie n\u00e9cessaire \u00e0 l&rsquo;utilisation des options et services du site.<\/td><td><strong> <\/strong>  en un mois<\/td><\/tr><tr><td><strong> <\/strong>  fda-works.com<\/td><td><strong> <\/strong> <strong>_ga_0TH8309NY9<\/strong><\/td><td>Cookie n\u00e9cessaire \u00e0 l&rsquo;utilisation des options et services du site.<\/td><td><strong> <\/strong>  en un an<\/td><\/tr><tr><td><strong> <\/strong>  fda-works.com<\/td><td><strong>wp-<\/strong><strong> <\/strong><strong>wpml_current_lan guage<\/strong><\/td><td><strong> <\/strong>  Cookie n\u00e9cessaire \u00e0 l&rsquo;utilisation des options et services du site.<\/td><td><strong> <\/strong>  Session<\/td><\/tr><tr><td><strong> <\/strong>  google.com<\/td><td><strong> <\/strong> <strong><u> <\/u><\/strong><strong><u>    <\/u><\/strong><strong>Secure-ENID<\/strong><\/td><td>Cookie n\u00e9cessaire \u00e0 l&rsquo;utilisation des options et services du site.<\/td><td><strong> <\/strong>  en 6 mois<\/td><\/tr><tr><td><strong> <\/strong>  google.com<\/td><td><strong> <\/strong> <strong>AEC<\/strong><\/td><td>Cookie n\u00e9cessaire \u00e0 l&rsquo;utilisation des options et services du site.<\/td><td><strong> <\/strong>  en 5 mois<\/td><\/tr><tr><td><strong> <\/strong>  google.com<\/td><td><strong> <\/strong> <strong>SOCS<\/strong><\/td><td>Cookie n\u00e9cessaire \u00e0 l&rsquo;utilisation des options et services du site.<\/td><td><strong> <\/strong>  en 6 mois<\/td><\/tr><\/tbody><\/table><\/figure>\n\n<figure class=\"wp-block-table\"><table class=\"has-fixed-layout\"><tbody><tr><td><strong>Propri\u00e9t\u00e9<\/strong><\/td><td><strong>Cookie<\/strong><\/td><td><strong>Objectif<\/strong><\/td><td><strong>Date limite<\/strong><\/td><\/tr><tr><td>Google Analytics<\/td><td><strong>_ga<\/strong><\/td><td>ID utilis\u00e9 pour identifier les utilisateurs<\/td><td>en un an<\/td><\/tr><\/tbody><\/table><\/figure>\n\n<figure class=\"wp-block-table\"><table class=\"has-fixed-layout\"><tbody><tr><td><strong>Propri\u00e9t\u00e9<\/strong><\/td><td><strong>Cookie<\/strong><\/td><td><strong>Objectif<\/strong><\/td><td><strong>Date limite<\/strong><\/td><\/tr><tr><td><strong> <\/strong>  Google<\/td><td><strong> <\/strong> <strong>NID<\/strong><\/td><td>Ces cookies sont utilis\u00e9s pour collecter des statistiques sur le site web et suivre les taux de conversion et la personnalisation des annonces Google.<\/td><td><strong> <\/strong>  en 6 mois<\/td><\/tr><\/tbody><\/table><\/figure>\n\n<p>Les services de tiers \u00e9chappent au contr\u00f4le de l&rsquo;\u00e9diteur.\nLes fournisseurs peuvent modifier \u00e0 tout moment leurs conditions de service, la finalit\u00e9 et l&rsquo;utilisation des cookies, etc. <\/p>\n\n<h1 class=\"wp-block-heading\">Fournisseurs externes de ce site web :<\/h1>\n\n<figure class=\"wp-block-table\"><table class=\"has-fixed-layout\"><tbody><tr><td><strong>\u00c9diteur<\/strong><\/td><td><strong>Politique de confidentialit\u00e9<\/strong><\/td><\/tr><tr><td>Google Analytics<\/td><td><a href=\"https:\/\/privacy.google.com\/take-control.html\">https:\/\/privacy.google.com\/take-control.html<\/a><\/td><\/tr><tr><td>Google<\/td><td><a href=\"https:\/\/privacy.google.com\/take-control.html\">https:\/\/privacy.google.com\/take-control.html<\/a><\/td><\/tr><tr><td colspan=\"2\"><strong>PANNEAU DE CONFIGURATION DES COOKIES<\/strong><\/td><\/tr><\/tbody><\/table><\/figure>\n\n<p>\u00c0 partir de ce panneau, vous pourrez configurer les cookies que le site Web peut installer dans votre navigateur, \u00e0 l&rsquo;exception des cookies suivants<\/p>\n\n<p>des cookies techniques ou fonctionnels n\u00e9cessaires \u00e0 la navigation et \u00e0 l&rsquo;utilisation des diff\u00e9rentes options ou services propos\u00e9s.<\/p>\n\n<p><a href=\"#_bookmark0\"><\/a><a href=\"#_bookmark0\">Panneau de cookies<\/a><\/p>\n\n<figure class=\"wp-block-table\"><table class=\"has-fixed-layout\"><tbody><tr><td colspan=\"3\"><strong>COMMENT G\u00c9RER LES COOKIES \u00c0 PARTIR DE VOTRE NAVIGATEUR<\/strong><\/td><\/tr><tr><td colspan=\"2\">  <strong>Supprimer les cookies de votre<\/strong><strong> <\/strong><strong>appareil<\/strong><\/td><td>Les cookies qui se trouvent d\u00e9j\u00e0 sur un appareil peuvent \u00eatre supprim\u00e9s en effa\u00e7ant l&rsquo;historique du navigateur, ce qui supprime les cookies de tous les sites web visit\u00e9s.\nCependant, certaines des informations enregistr\u00e9es (par exemple, les donn\u00e9es de connexion ou les pr\u00e9f\u00e9rences du site web) peuvent \u00e9galement \u00eatre perdues. <\/td><\/tr><tr><td colspan=\"2\"><strong>G\u00e9rer les cookies sp\u00e9cifiques au site<\/strong><strong> <\/strong><strong>du site<\/strong><\/td><td>Pour avoir un contr\u00f4le plus pr\u00e9cis sur les cookies sp\u00e9cifiques \u00e0 un site, les utilisateurs peuvent ajuster leurs param\u00e8tres de confidentialit\u00e9 et de cookies dans leur navigateur.<\/td><\/tr><tr><td colspan=\"2\">    <strong>Bloquer les cookies<\/strong><\/td><td>Bien que la plupart des navigateurs modernes puissent \u00eatre configur\u00e9s pour emp\u00eacher l&rsquo;installation de cookies sur votre appareil, cela peut vous obliger \u00e0 ajuster manuellement certaines pr\u00e9f\u00e9rences \u00e0 chaque fois que vous visitez un site ou une page.\nEn outre, certains services et fonctionnalit\u00e9s peuvent ne pas fonctionner correctement (par exemple, l&rsquo;ouverture d&rsquo;une session sur un profil). <\/td><\/tr><tr><td colspan=\"3\"><strong>COMMENT SUPPRIMER LES COOKIES DES NAVIGATEURS LES PLUS COURANTS<\/strong><\/td><\/tr><tr><td><strong>Chrome<\/strong><\/td><td colspan=\"2\"><a href=\"http:\/\/support.google.com\/chrome\/answer\/95647?hl=es\">http:\/\/support.google.com\/chrome\/answer\/95647?hl=es<\/a><\/td><\/tr><tr><td><strong>Bord<\/strong><\/td><td colspan=\"2\"><a href=\"https:\/\/support.microsoft.com\/es-es\/microsoft-edge\/eliminar-las-cookies-en-microsoft-edge-63947406-40ac-c3b8-57b9-2a946a29ae09\">https:\/\/support.microsoft.com\/es-es\/microsoft-edge\/eliminar-las-cookies-en-microsoft-edge-63947406-40ac-c3b8-57b9-2a946a29ae09<\/a><\/td><\/tr><tr><td><strong>Explorateur<\/strong><\/td><td colspan=\"2\"><a href=\"https:\/\/support.microsoft.com\/es-es\/help\/278835\/how-to-delete-cookie-files-in-internet-explorer\">https:\/\/support.microsoft.com\/es-es\/help\/278835\/how-to-delete-cookie-files-in-internet-explorer<\/a><\/td><\/tr><tr><td><strong>Firefox<\/strong><\/td><td colspan=\"2\"><a href=\"https:\/\/www.mozilla.org\/es-ES\/privacy\/websites\/#cookies\">https:\/\/www.mozilla.org\/es-ES\/privacy\/websites\/#cookies<\/a><\/td><\/tr><tr><td><strong>Safari<\/strong><\/td><td colspan=\"2\"><a href=\"https:\/\/support.apple.com\/es-es\/guide\/safari\/sfri11471\/mac\">https:\/\/support.apple.com\/es-es\/guide\/safari\/sfri11471\/mac<\/a><\/td><\/tr><tr><td><strong>Op\u00e9ra<\/strong><\/td><td colspan=\"2\"><a href=\"https:\/\/help.opera.com\/en\/latest\/security-and-privacy\/#clearBrowsingData\">https:\/\/help.opera.com\/en\/latest\/security-and-privacy\/#clearBrowsingData<\/a><\/td><\/tr><tr><td><\/td><td><\/td><td><\/td><\/tr><\/tbody><\/table><\/figure>\n","protected":false},"excerpt":{"rendered":"<p>INFORMATIONS SUR LES COOKIES Conform\u00e9ment \u00e0 la loi 34\/2002, du 11 juillet, sur les services de la soci\u00e9t\u00e9 de l&rsquo;information et le commerce \u00e9lectronique (LSSI), en relation avec le r\u00e8glement (UE) 2016\/679 du Parlement europ\u00e9en et du Conseil, du 27 avril 2016, R\u00e8glement g\u00e9n\u00e9ral sur la protection des donn\u00e9es (RGPD) et la loi organique 3\/2018, [&hellip;]<\/p>\n","protected":false},"author":3,"featured_media":0,"parent":0,"menu_order":0,"comment_status":"closed","ping_status":"closed","template":"","meta":{"_acf_changed":false,"footnotes":""},"class_list":["post-1691","page","type-page","status-publish","hentry"],"acf":[],"yoast_head":"<!-- This site is optimized with the Yoast SEO plugin v23.8 - https:\/\/yoast.com\/wordpress\/plugins\/seo\/ -->\n<title>Politique en mati\u00e8re de cookies - FDA Works - Consultor\u00eda Empresarial - A Coru\u00f1a<\/title>\n<meta name=\"robots\" content=\"index, follow, max-snippet:-1, max-image-preview:large, max-video-preview:-1\" \/>\n<link rel=\"canonical\" href=\"https:\/\/fda-works.com\/fr\/politique-en-matiere-de-cookies\/\" \/>\n<meta property=\"og:locale\" content=\"fr_FR\" \/>\n<meta property=\"og:type\" content=\"article\" \/>\n<meta property=\"og:title\" content=\"Politique en mati\u00e8re de cookies - FDA Works - Consultor\u00eda Empresarial - A Coru\u00f1a\" \/>\n<meta property=\"og:description\" content=\"INFORMATIONS SUR LES COOKIES Conform\u00e9ment \u00e0 la loi 34\/2002, du 11 juillet, sur les services de la soci\u00e9t\u00e9 de l&rsquo;information et le commerce \u00e9lectronique (LSSI), en relation avec le r\u00e8glement (UE) 2016\/679 du Parlement europ\u00e9en et du Conseil, du 27 avril 2016, R\u00e8glement g\u00e9n\u00e9ral sur la protection des donn\u00e9es (RGPD) et la loi organique 3\/2018, [&hellip;]\" \/>\n<meta property=\"og:url\" content=\"https:\/\/fda-works.com\/fr\/politique-en-matiere-de-cookies\/\" \/>\n<meta property=\"og:site_name\" content=\"FDA Works - Consultor\u00eda Empresarial - A Coru\u00f1a\" \/>\n<meta property=\"article:modified_time\" content=\"2024-09-25T07:51:09+00:00\" \/>\n<meta name=\"twitter:card\" content=\"summary_large_image\" \/>\n<meta name=\"twitter:label1\" content=\"Dur\u00e9e de lecture estim\u00e9e\" \/>\n\t<meta name=\"twitter:data1\" content=\"8 minutes\" \/>\n<script type=\"application\/ld+json\" class=\"yoast-schema-graph\">{\"@context\":\"https:\/\/schema.org\",\"@graph\":[{\"@type\":\"WebPage\",\"@id\":\"https:\/\/fda-works.com\/fr\/politique-en-matiere-de-cookies\/\",\"url\":\"https:\/\/fda-works.com\/fr\/politique-en-matiere-de-cookies\/\",\"name\":\"Politique en mati\u00e8re de cookies - FDA Works - Consultor\u00eda Empresarial - A Coru\u00f1a\",\"isPartOf\":{\"@id\":\"https:\/\/fda-works.com\/fr\/#website\"},\"datePublished\":\"2024-06-05T09:20:54+00:00\",\"dateModified\":\"2024-09-25T07:51:09+00:00\",\"breadcrumb\":{\"@id\":\"https:\/\/fda-works.com\/fr\/politique-en-matiere-de-cookies\/#breadcrumb\"},\"inLanguage\":\"fr-FR\",\"potentialAction\":[{\"@type\":\"ReadAction\",\"target\":[\"https:\/\/fda-works.com\/fr\/politique-en-matiere-de-cookies\/\"]}]},{\"@type\":\"BreadcrumbList\",\"@id\":\"https:\/\/fda-works.com\/fr\/politique-en-matiere-de-cookies\/#breadcrumb\",\"itemListElement\":[{\"@type\":\"ListItem\",\"position\":1,\"name\":\"Portada\",\"item\":\"https:\/\/fda-works.com\/fr\/\"},{\"@type\":\"ListItem\",\"position\":2,\"name\":\"Politique en mati\u00e8re de cookies\"}]},{\"@type\":\"WebSite\",\"@id\":\"https:\/\/fda-works.com\/fr\/#website\",\"url\":\"https:\/\/fda-works.com\/fr\/\",\"name\":\"FDA Works - Consultor\u00eda Empresarial - A Coru\u00f1a\",\"description\":\"Coworking &amp; Consultor\u00eda Empresarial - A Coru\u00f1a\",\"publisher\":{\"@id\":\"https:\/\/fda-works.com\/fr\/#organization\"},\"potentialAction\":[{\"@type\":\"SearchAction\",\"target\":{\"@type\":\"EntryPoint\",\"urlTemplate\":\"https:\/\/fda-works.com\/fr\/?s={search_term_string}\"},\"query-input\":{\"@type\":\"PropertyValueSpecification\",\"valueRequired\":true,\"valueName\":\"search_term_string\"}}],\"inLanguage\":\"fr-FR\"},{\"@type\":\"Organization\",\"@id\":\"https:\/\/fda-works.com\/fr\/#organization\",\"name\":\"FDA Works - Consultor\u00eda Empresarial - A Coru\u00f1a\",\"url\":\"https:\/\/fda-works.com\/fr\/\",\"logo\":{\"@type\":\"ImageObject\",\"inLanguage\":\"fr-FR\",\"@id\":\"https:\/\/fda-works.com\/fr\/#\/schema\/logo\/image\/\",\"url\":\"https:\/\/fda-works.com\/wp-content\/uploads\/2023\/05\/fda_logo_2023.png\",\"contentUrl\":\"https:\/\/fda-works.com\/wp-content\/uploads\/2023\/05\/fda_logo_2023.png\",\"width\":558,\"height\":106,\"caption\":\"FDA Works - Consultor\u00eda Empresarial - A Coru\u00f1a\"},\"image\":{\"@id\":\"https:\/\/fda-works.com\/fr\/#\/schema\/logo\/image\/\"}}]}<\/script>\n<!-- \/ Yoast SEO plugin. -->","yoast_head_json":{"title":"Politique en mati\u00e8re de cookies - FDA Works - Consultor\u00eda Empresarial - A Coru\u00f1a","robots":{"index":"index","follow":"follow","max-snippet":"max-snippet:-1","max-image-preview":"max-image-preview:large","max-video-preview":"max-video-preview:-1"},"canonical":"https:\/\/fda-works.com\/fr\/politique-en-matiere-de-cookies\/","og_locale":"fr_FR","og_type":"article","og_title":"Politique en mati\u00e8re de cookies - FDA Works - Consultor\u00eda Empresarial - A Coru\u00f1a","og_description":"INFORMATIONS SUR LES COOKIES Conform\u00e9ment \u00e0 la loi 34\/2002, du 11 juillet, sur les services de la soci\u00e9t\u00e9 de l&rsquo;information et le commerce \u00e9lectronique (LSSI), en relation avec le r\u00e8glement (UE) 2016\/679 du Parlement europ\u00e9en et du Conseil, du 27 avril 2016, R\u00e8glement g\u00e9n\u00e9ral sur la protection des donn\u00e9es (RGPD) et la loi organique 3\/2018, [&hellip;]","og_url":"https:\/\/fda-works.com\/fr\/politique-en-matiere-de-cookies\/","og_site_name":"FDA Works - Consultor\u00eda Empresarial - A Coru\u00f1a","article_modified_time":"2024-09-25T07:51:09+00:00","twitter_card":"summary_large_image","twitter_misc":{"Dur\u00e9e de lecture estim\u00e9e":"8 minutes"},"schema":{"@context":"https:\/\/schema.org","@graph":[{"@type":"WebPage","@id":"https:\/\/fda-works.com\/fr\/politique-en-matiere-de-cookies\/","url":"https:\/\/fda-works.com\/fr\/politique-en-matiere-de-cookies\/","name":"Politique en mati\u00e8re de cookies - FDA Works - Consultor\u00eda Empresarial - A Coru\u00f1a","isPartOf":{"@id":"https:\/\/fda-works.com\/fr\/#website"},"datePublished":"2024-06-05T09:20:54+00:00","dateModified":"2024-09-25T07:51:09+00:00","breadcrumb":{"@id":"https:\/\/fda-works.com\/fr\/politique-en-matiere-de-cookies\/#breadcrumb"},"inLanguage":"fr-FR","potentialAction":[{"@type":"ReadAction","target":["https:\/\/fda-works.com\/fr\/politique-en-matiere-de-cookies\/"]}]},{"@type":"BreadcrumbList","@id":"https:\/\/fda-works.com\/fr\/politique-en-matiere-de-cookies\/#breadcrumb","itemListElement":[{"@type":"ListItem","position":1,"name":"Portada","item":"https:\/\/fda-works.com\/fr\/"},{"@type":"ListItem","position":2,"name":"Politique en mati\u00e8re de cookies"}]},{"@type":"WebSite","@id":"https:\/\/fda-works.com\/fr\/#website","url":"https:\/\/fda-works.com\/fr\/","name":"FDA Works - Consultor\u00eda Empresarial - A Coru\u00f1a","description":"Coworking &amp; Consultor\u00eda Empresarial - A Coru\u00f1a","publisher":{"@id":"https:\/\/fda-works.com\/fr\/#organization"},"potentialAction":[{"@type":"SearchAction","target":{"@type":"EntryPoint","urlTemplate":"https:\/\/fda-works.com\/fr\/?s={search_term_string}"},"query-input":{"@type":"PropertyValueSpecification","valueRequired":true,"valueName":"search_term_string"}}],"inLanguage":"fr-FR"},{"@type":"Organization","@id":"https:\/\/fda-works.com\/fr\/#organization","name":"FDA Works - Consultor\u00eda Empresarial - A Coru\u00f1a","url":"https:\/\/fda-works.com\/fr\/","logo":{"@type":"ImageObject","inLanguage":"fr-FR","@id":"https:\/\/fda-works.com\/fr\/#\/schema\/logo\/image\/","url":"https:\/\/fda-works.com\/wp-content\/uploads\/2023\/05\/fda_logo_2023.png","contentUrl":"https:\/\/fda-works.com\/wp-content\/uploads\/2023\/05\/fda_logo_2023.png","width":558,"height":106,"caption":"FDA Works - Consultor\u00eda Empresarial - A Coru\u00f1a"},"image":{"@id":"https:\/\/fda-works.com\/fr\/#\/schema\/logo\/image\/"}}]}},"_links":{"self":[{"href":"https:\/\/fda-works.com\/fr\/wp-json\/wp\/v2\/pages\/1691","targetHints":{"allow":["GET"]}}],"collection":[{"href":"https:\/\/fda-works.com\/fr\/wp-json\/wp\/v2\/pages"}],"about":[{"href":"https:\/\/fda-works.com\/fr\/wp-json\/wp\/v2\/types\/page"}],"author":[{"embeddable":true,"href":"https:\/\/fda-works.com\/fr\/wp-json\/wp\/v2\/users\/3"}],"replies":[{"embeddable":true,"href":"https:\/\/fda-works.com\/fr\/wp-json\/wp\/v2\/comments?post=1691"}],"version-history":[{"count":5,"href":"https:\/\/fda-works.com\/fr\/wp-json\/wp\/v2\/pages\/1691\/revisions"}],"predecessor-version":[{"id":1897,"href":"https:\/\/fda-works.com\/fr\/wp-json\/wp\/v2\/pages\/1691\/revisions\/1897"}],"wp:attachment":[{"href":"https:\/\/fda-works.com\/fr\/wp-json\/wp\/v2\/media?parent=1691"}],"curies":[{"name":"wp","href":"https:\/\/api.w.org\/{rel}","templated":true}]}}