{"id":1893,"date":"2024-09-25T09:48:14","date_gmt":"2024-09-25T07:48:14","guid":{"rendered":"https:\/\/fda-works.com\/avis-juridique\/"},"modified":"2024-09-29T12:19:52","modified_gmt":"2024-09-29T10:19:52","slug":"avis-juridique","status":"publish","type":"page","link":"https:\/\/fda-works.com\/fr\/avis-juridique\/","title":{"rendered":"AVIS JURIDIQUE"},"content":{"rendered":"\n<p>Conform\u00e9ment \u00e0 l&rsquo;article 10 de la loi 34\/2002, du 11 juillet, sur les services de la soci\u00e9t\u00e9 de l&rsquo;information et le commerce \u00e9lectronique, le prestataire de services communique ses donn\u00e9es d&rsquo;identification :<\/p>\n\n<ul class=\"wp-block-list\">\n<li><strong>Propri\u00e9taire :<\/strong> FDA WORKS S.L<\/li>\n\n\n\n<li><strong>NUM\u00c9RO DE TVA :<\/strong> B67648857<\/li>\n\n\n\n<li>Inscrit au registre du commerce de La Corogne, tome 3765, section des entreprises g\u00e9n\u00e9rales, folio 140, page C-61251, 1\u00e8re inscription.<\/li>\n\n\n\n<li><strong>Adresse :<\/strong> CL.\nANGEL REBOLLO, 12, BJ, D 15002 &#8211; A CORU\u00d1A (A CORU\u00d1A) <\/li>\n\n\n\n<li><strong>Courriel :<\/strong> info@fda-works.com<\/li>\n\n\n\n<li><strong>Site web :<\/strong> <a href=\"http:\/\/www.fda-works.com\">www.fda-works.com<\/a>  <\/li>\n<\/ul>\n\n<p><strong>CONDITIONS D&rsquo;UTILISATION DU SITE WEB FDA-WORKS<\/strong><\/p>\n\n<p><strong>G\u00c9N\u00c9RALIT\u00c9S<\/strong> <strong><\/strong><\/p>\n\n<p>1. Les pr\u00e9sentes conditions r\u00e9gissent l&rsquo;utilisation du site Internet <a href=\"http:\/\/www.fda-works.com\">www.fda-works.com,<\/a> que FDA-WORKS, SL, au nom de FDA-WORKS<strong>,<\/strong> met \u00e0 la disposition des utilisateurs d&rsquo;Internet.<\/p>\n\n<p>2. L&rsquo;utilisation de ce site web est subordonn\u00e9e \u00e0 la pleine acceptation par l&rsquo;utilisateur des pr\u00e9sentes conditions, ou de celles qui sont en vigueur au moment o\u00f9 l&rsquo;utilisateur acc\u00e8de au site web.<\/p>\n\n<p>3) L&rsquo;acc\u00e8s aux services publics de ce site et leur utilisation ne sont autoris\u00e9s qu&rsquo;\u00e0 des fins licites et, \u00e0 tout moment, conform\u00e9ment aux pr\u00e9sentes conditions g\u00e9n\u00e9rales, \u00e0 la loi applicable \u00e0 tout moment, ainsi qu&rsquo;\u00e0 la morale, aux bonnes coutumes et \u00e0 l&rsquo;ordre public. La soci\u00e9t\u00e9 se r\u00e9serve le droit de retirer l&rsquo;acc\u00e8s \u00e0 ce site, sans pr\u00e9avis, \u00e0 tout utilisateur qui contreviendrait aux dispositions du pr\u00e9sent avis juridique, ainsi que de porter \u00e0 l&rsquo;attention des autorit\u00e9s comp\u00e9tentes toute activit\u00e9 susceptible de constituer une infraction p\u00e9nale.<\/p>\n\n<p>4. FDA-WORKS se r\u00e9serve le droit unilat\u00e9ral de modifier \u00e0 tout moment les pr\u00e9sentes conditions, ainsi que toute autre condition g\u00e9n\u00e9rale ou sp\u00e9cifique de son site web. Elle se r\u00e9serve \u00e9galement le droit de modifier \u00e0 tout moment la pr\u00e9sentation, la configuration et l&#8217;emplacement du site web, ainsi que son contenu et les conditions requises pour l&rsquo;utiliser.<\/p>\n\n<p>5. L&rsquo;utilisateur reconna\u00eet que l&rsquo;acc\u00e8s \u00e0 ce site se fait sous son libre consentement et sous sa seule responsabilit\u00e9.<\/p>\n\n<p>6. FDA-WORKS se r\u00e9serve le droit de porter \u00e0 la connaissance de l&rsquo;autorit\u00e9 comp\u00e9tente toute autre utilisation susceptible de porter atteinte \u00e0 ses int\u00e9r\u00eats ou \u00e0 ses droits ou de constituer une infraction p\u00e9nale.<\/p>\n\n<p>7. FDA-WORKS se r\u00e9serve le droit de mettre fin \u00e0 ce service web \u00e0 tout moment sans autre exigence qu&rsquo;un pr\u00e9avis de 30 jours dans ces termes et conditions.<\/p>\n\n<p><strong>EXCLUSION DE LA RESPONSABILIT\u00c9<\/strong><\/p>\n\n<p>FDA-WORKS ne peut garantir la disponibilit\u00e9 permanente du service offert sur ce site, ni \u00eatre tenu responsable des dommages caus\u00e9s ou susceptibles d&rsquo;\u00eatre caus\u00e9s dans le futur, ou des d\u00e9fauts techniques de toute nature r\u00e9sultant de l&rsquo;utilisation des informations contenues sur ce site.<\/p>\n\n<p>2. Dans le cas o\u00f9, en raison d&rsquo;une attaque informatique ou d&rsquo;une erreur humaine, des erreurs se produisent dans les informations fournies, FDA-WORKS ne sera pas responsable de ces erreurs, ainsi que de tout dommage caus\u00e9 par l&rsquo;utilisation des informations d\u00e9riv\u00e9es de ces erreurs.<\/p>\n\n<p>3. Le contenu de ce site web est purement informatif, et aucune responsabilit\u00e9 n&rsquo;est prise \u00e0 aucun moment pour d&rsquo;\u00e9ventuelles erreurs dans sa pr\u00e9sentation. Pour obtenir des informations plus d\u00e9taill\u00e9es, veuillez nous contacter \u00e0 l&rsquo;adresse info@fda-works.com ou par t\u00e9l\u00e9phone.<\/p>\n\n<p>4. FDA-WORKS n&rsquo;est pas responsable du contenu des sites web vers lesquels ses liens peuvent mener.<\/p>\n\n<p><strong>R\u00c9GIME DE LA PROPRI\u00c9T\u00c9 INDUSTRIELLE ET INTELLECTUELLE<\/strong><\/p>\n\n<p>1. La propri\u00e9t\u00e9 industrielle et intellectuelle de tout logo, embl\u00e8me ou \u00e9l\u00e9ment incorpor\u00e9 dans la conception de ce site appartient exclusivement \u00e0 FDA-WORKS. L&rsquo;utilisateur reconna\u00eet et accepte ces droits. Les \u00e9l\u00e9ments de ce site web sur lesquels FDA-WORKS n&rsquo;a aucun droit de propri\u00e9t\u00e9 intellectuelle ou industrielle sont utilis\u00e9s avec autorisation.<\/p>\n\n<p>2. Aucune partie du contenu de ce site Web ne peut \u00eatre reproduite, transmise ou enregistr\u00e9e par un syst\u00e8me de recherche d&rsquo;informations, sous quelque forme ou par quelque moyen que ce soit, sans l&rsquo;autorisation \u00e9crite pr\u00e9alable de FDA-WORKS.<\/p>\n\n<p>3. il est interdit de contourner les droits d&rsquo;auteur de FDA-WORKS ou de contourner ou de tenter de contourner tout syst\u00e8me de protection du contenu existant ou potentiel. Les droits de citation sont autoris\u00e9s \u00e0 condition que la source soit mentionn\u00e9e.<\/p>\n\n<p>4. Toute violation des droits de propri\u00e9t\u00e9 intellectuelle ou industrielle de ce site web ou des \u00e9l\u00e9ments de FDA-WORKS fera l&rsquo;objet des mesures l\u00e9gales appropri\u00e9es pour assurer leur protection.<\/p>\n\n<p><strong>DROIT APPLICABLE<\/strong><\/p>\n\n<p>FDA-WORKS informe que ce site web est h\u00e9berg\u00e9 en Espagne, le pays dans lequel il offre ses services, et par cons\u00e9quent la seule l\u00e9gislation applicable pour r\u00e9soudre tout conflit concernant l&rsquo;interpr\u00e9tation de ces conditions est la loi espagnole, ainsi que les Trait\u00e9s Internationaux sign\u00e9s par l&rsquo;Espagne.<\/p>\n\n<p>2) En acceptant les pr\u00e9sentes conditions d&rsquo;utilisation, l&rsquo;utilisateur se soumet \u00e0 la juridiction des tribunaux \u00e9tablis par la loi.<\/p>\n\n<p><strong>COMMENT NOUS CONTACTER<\/strong><\/p>\n\n<p>Si vous souhaitez clarifier un aspect des conditions d&rsquo;utilisation d\u00e9crites ci-dessus, veuillez contacter les adresses suivantes :<\/p>\n\n<p>info@fda-works.com si vous le faites par e-mail ou par \u00e9crit \u00e0 (FDA-WORKS) FDA-WORKS, SL, CL. ANGEL REBOLLO, 12, BJ, D, 15002 &#8211; A CORU\u00d1A (A CORU\u00d1A), Espagne.<\/p>\n","protected":false},"excerpt":{"rendered":"<p>Conform\u00e9ment \u00e0 l&rsquo;article 10 de la loi 34\/2002, du 11 juillet, sur les services de la soci\u00e9t\u00e9 de l&rsquo;information et le commerce \u00e9lectronique, le prestataire de services communique ses donn\u00e9es d&rsquo;identification : CONDITIONS D&rsquo;UTILISATION DU SITE WEB FDA-WORKS G\u00c9N\u00c9RALIT\u00c9S 1. Les pr\u00e9sentes conditions r\u00e9gissent l&rsquo;utilisation du site Internet www.fda-works.com, que FDA-WORKS, SL, au nom de [&hellip;]<\/p>\n","protected":false},"author":2,"featured_media":0,"parent":0,"menu_order":0,"comment_status":"closed","ping_status":"closed","template":"","meta":{"_acf_changed":false,"footnotes":""},"class_list":["post-1893","page","type-page","status-publish","hentry"],"acf":[],"yoast_head":"<!-- This site is optimized with the Yoast SEO plugin v23.8 - https:\/\/yoast.com\/wordpress\/plugins\/seo\/ -->\n<title>AVIS JURIDIQUE - FDA Works - Consultor\u00eda Empresarial - A Coru\u00f1a<\/title>\n<meta name=\"robots\" content=\"index, follow, max-snippet:-1, max-image-preview:large, max-video-preview:-1\" \/>\n<link rel=\"canonical\" href=\"https:\/\/fda-works.com\/fr\/avis-juridique\/\" \/>\n<meta property=\"og:locale\" content=\"fr_FR\" \/>\n<meta property=\"og:type\" content=\"article\" \/>\n<meta property=\"og:title\" content=\"AVIS JURIDIQUE - FDA Works - Consultor\u00eda Empresarial - A Coru\u00f1a\" \/>\n<meta property=\"og:description\" content=\"Conform\u00e9ment \u00e0 l&rsquo;article 10 de la loi 34\/2002, du 11 juillet, sur les services de la soci\u00e9t\u00e9 de l&rsquo;information et le commerce \u00e9lectronique, le prestataire de services communique ses donn\u00e9es d&rsquo;identification : CONDITIONS D&rsquo;UTILISATION DU SITE WEB FDA-WORKS G\u00c9N\u00c9RALIT\u00c9S 1. Les pr\u00e9sentes conditions r\u00e9gissent l&rsquo;utilisation du site Internet www.fda-works.com, que FDA-WORKS, SL, au nom de [&hellip;]\" \/>\n<meta property=\"og:url\" content=\"https:\/\/fda-works.com\/fr\/avis-juridique\/\" \/>\n<meta property=\"og:site_name\" content=\"FDA Works - Consultor\u00eda Empresarial - A Coru\u00f1a\" \/>\n<meta property=\"article:modified_time\" content=\"2024-09-29T10:19:52+00:00\" \/>\n<meta name=\"twitter:card\" content=\"summary_large_image\" \/>\n<meta name=\"twitter:label1\" content=\"Dur\u00e9e de lecture estim\u00e9e\" \/>\n\t<meta name=\"twitter:data1\" content=\"4 minutes\" \/>\n<script type=\"application\/ld+json\" class=\"yoast-schema-graph\">{\"@context\":\"https:\/\/schema.org\",\"@graph\":[{\"@type\":\"WebPage\",\"@id\":\"https:\/\/fda-works.com\/fr\/avis-juridique\/\",\"url\":\"https:\/\/fda-works.com\/fr\/avis-juridique\/\",\"name\":\"AVIS JURIDIQUE - FDA Works - Consultor\u00eda Empresarial - A Coru\u00f1a\",\"isPartOf\":{\"@id\":\"https:\/\/fda-works.com\/fr\/#website\"},\"datePublished\":\"2024-09-25T07:48:14+00:00\",\"dateModified\":\"2024-09-29T10:19:52+00:00\",\"breadcrumb\":{\"@id\":\"https:\/\/fda-works.com\/fr\/avis-juridique\/#breadcrumb\"},\"inLanguage\":\"fr-FR\",\"potentialAction\":[{\"@type\":\"ReadAction\",\"target\":[\"https:\/\/fda-works.com\/fr\/avis-juridique\/\"]}]},{\"@type\":\"BreadcrumbList\",\"@id\":\"https:\/\/fda-works.com\/fr\/avis-juridique\/#breadcrumb\",\"itemListElement\":[{\"@type\":\"ListItem\",\"position\":1,\"name\":\"Portada\",\"item\":\"https:\/\/fda-works.com\/fr\/\"},{\"@type\":\"ListItem\",\"position\":2,\"name\":\"AVIS JURIDIQUE\"}]},{\"@type\":\"WebSite\",\"@id\":\"https:\/\/fda-works.com\/fr\/#website\",\"url\":\"https:\/\/fda-works.com\/fr\/\",\"name\":\"FDA Works - Consultor\u00eda Empresarial - A Coru\u00f1a\",\"description\":\"Coworking &amp; Consultor\u00eda Empresarial - A Coru\u00f1a\",\"publisher\":{\"@id\":\"https:\/\/fda-works.com\/fr\/#organization\"},\"potentialAction\":[{\"@type\":\"SearchAction\",\"target\":{\"@type\":\"EntryPoint\",\"urlTemplate\":\"https:\/\/fda-works.com\/fr\/?s={search_term_string}\"},\"query-input\":{\"@type\":\"PropertyValueSpecification\",\"valueRequired\":true,\"valueName\":\"search_term_string\"}}],\"inLanguage\":\"fr-FR\"},{\"@type\":\"Organization\",\"@id\":\"https:\/\/fda-works.com\/fr\/#organization\",\"name\":\"FDA Works - Consultor\u00eda Empresarial - A Coru\u00f1a\",\"url\":\"https:\/\/fda-works.com\/fr\/\",\"logo\":{\"@type\":\"ImageObject\",\"inLanguage\":\"fr-FR\",\"@id\":\"https:\/\/fda-works.com\/fr\/#\/schema\/logo\/image\/\",\"url\":\"https:\/\/fda-works.com\/wp-content\/uploads\/2023\/05\/fda_logo_2023.png\",\"contentUrl\":\"https:\/\/fda-works.com\/wp-content\/uploads\/2023\/05\/fda_logo_2023.png\",\"width\":558,\"height\":106,\"caption\":\"FDA Works - Consultor\u00eda Empresarial - A Coru\u00f1a\"},\"image\":{\"@id\":\"https:\/\/fda-works.com\/fr\/#\/schema\/logo\/image\/\"}}]}<\/script>\n<!-- \/ Yoast SEO plugin. -->","yoast_head_json":{"title":"AVIS JURIDIQUE - FDA Works - Consultor\u00eda Empresarial - A Coru\u00f1a","robots":{"index":"index","follow":"follow","max-snippet":"max-snippet:-1","max-image-preview":"max-image-preview:large","max-video-preview":"max-video-preview:-1"},"canonical":"https:\/\/fda-works.com\/fr\/avis-juridique\/","og_locale":"fr_FR","og_type":"article","og_title":"AVIS JURIDIQUE - FDA Works - Consultor\u00eda Empresarial - A Coru\u00f1a","og_description":"Conform\u00e9ment \u00e0 l&rsquo;article 10 de la loi 34\/2002, du 11 juillet, sur les services de la soci\u00e9t\u00e9 de l&rsquo;information et le commerce \u00e9lectronique, le prestataire de services communique ses donn\u00e9es d&rsquo;identification : CONDITIONS D&rsquo;UTILISATION DU SITE WEB FDA-WORKS G\u00c9N\u00c9RALIT\u00c9S 1. Les pr\u00e9sentes conditions r\u00e9gissent l&rsquo;utilisation du site Internet www.fda-works.com, que FDA-WORKS, SL, au nom de [&hellip;]","og_url":"https:\/\/fda-works.com\/fr\/avis-juridique\/","og_site_name":"FDA Works - Consultor\u00eda Empresarial - A Coru\u00f1a","article_modified_time":"2024-09-29T10:19:52+00:00","twitter_card":"summary_large_image","twitter_misc":{"Dur\u00e9e de lecture estim\u00e9e":"4 minutes"},"schema":{"@context":"https:\/\/schema.org","@graph":[{"@type":"WebPage","@id":"https:\/\/fda-works.com\/fr\/avis-juridique\/","url":"https:\/\/fda-works.com\/fr\/avis-juridique\/","name":"AVIS JURIDIQUE - FDA Works - Consultor\u00eda Empresarial - A Coru\u00f1a","isPartOf":{"@id":"https:\/\/fda-works.com\/fr\/#website"},"datePublished":"2024-09-25T07:48:14+00:00","dateModified":"2024-09-29T10:19:52+00:00","breadcrumb":{"@id":"https:\/\/fda-works.com\/fr\/avis-juridique\/#breadcrumb"},"inLanguage":"fr-FR","potentialAction":[{"@type":"ReadAction","target":["https:\/\/fda-works.com\/fr\/avis-juridique\/"]}]},{"@type":"BreadcrumbList","@id":"https:\/\/fda-works.com\/fr\/avis-juridique\/#breadcrumb","itemListElement":[{"@type":"ListItem","position":1,"name":"Portada","item":"https:\/\/fda-works.com\/fr\/"},{"@type":"ListItem","position":2,"name":"AVIS JURIDIQUE"}]},{"@type":"WebSite","@id":"https:\/\/fda-works.com\/fr\/#website","url":"https:\/\/fda-works.com\/fr\/","name":"FDA Works - Consultor\u00eda Empresarial - A Coru\u00f1a","description":"Coworking &amp; Consultor\u00eda Empresarial - A Coru\u00f1a","publisher":{"@id":"https:\/\/fda-works.com\/fr\/#organization"},"potentialAction":[{"@type":"SearchAction","target":{"@type":"EntryPoint","urlTemplate":"https:\/\/fda-works.com\/fr\/?s={search_term_string}"},"query-input":{"@type":"PropertyValueSpecification","valueRequired":true,"valueName":"search_term_string"}}],"inLanguage":"fr-FR"},{"@type":"Organization","@id":"https:\/\/fda-works.com\/fr\/#organization","name":"FDA Works - Consultor\u00eda Empresarial - A Coru\u00f1a","url":"https:\/\/fda-works.com\/fr\/","logo":{"@type":"ImageObject","inLanguage":"fr-FR","@id":"https:\/\/fda-works.com\/fr\/#\/schema\/logo\/image\/","url":"https:\/\/fda-works.com\/wp-content\/uploads\/2023\/05\/fda_logo_2023.png","contentUrl":"https:\/\/fda-works.com\/wp-content\/uploads\/2023\/05\/fda_logo_2023.png","width":558,"height":106,"caption":"FDA Works - Consultor\u00eda Empresarial - A Coru\u00f1a"},"image":{"@id":"https:\/\/fda-works.com\/fr\/#\/schema\/logo\/image\/"}}]}},"_links":{"self":[{"href":"https:\/\/fda-works.com\/fr\/wp-json\/wp\/v2\/pages\/1893","targetHints":{"allow":["GET"]}}],"collection":[{"href":"https:\/\/fda-works.com\/fr\/wp-json\/wp\/v2\/pages"}],"about":[{"href":"https:\/\/fda-works.com\/fr\/wp-json\/wp\/v2\/types\/page"}],"author":[{"embeddable":true,"href":"https:\/\/fda-works.com\/fr\/wp-json\/wp\/v2\/users\/2"}],"replies":[{"embeddable":true,"href":"https:\/\/fda-works.com\/fr\/wp-json\/wp\/v2\/comments?post=1893"}],"version-history":[{"count":2,"href":"https:\/\/fda-works.com\/fr\/wp-json\/wp\/v2\/pages\/1893\/revisions"}],"predecessor-version":[{"id":1902,"href":"https:\/\/fda-works.com\/fr\/wp-json\/wp\/v2\/pages\/1893\/revisions\/1902"}],"wp:attachment":[{"href":"https:\/\/fda-works.com\/fr\/wp-json\/wp\/v2\/media?parent=1893"}],"curies":[{"name":"wp","href":"https:\/\/api.w.org\/{rel}","templated":true}]}}